{"id":1047,"date":"2026-03-10T08:24:44","date_gmt":"2026-03-10T08:24:44","guid":{"rendered":"https:\/\/smanzanedo.inscastellbisbal.net\/?page_id=1047"},"modified":"2026-03-10T10:54:56","modified_gmt":"2026-03-10T10:54:56","slug":"%f0%9f%95%8b-jocs-dequip","status":"publish","type":"page","link":"https:\/\/smanzanedo.inscastellbisbal.net\/index.php\/%f0%9f%95%8b-jocs-dequip\/","title":{"rendered":"\ud83d\udd4b \u200bJocs D&#8217;equip"},"content":{"rendered":"\t\t<div data-elementor-type=\"wp-page\" data-elementor-id=\"1047\" class=\"elementor elementor-1047\">\n\t\t\t\t<div class=\"elementor-element elementor-element-fa7a438 e-flex e-con-boxed e-con e-parent\" data-id=\"fa7a438\" data-element_type=\"container\">\n\t\t\t\t\t<div class=\"e-con-inner\">\n\t\t\t\t<div class=\"elementor-element elementor-element-4fb2849 elementor-widget elementor-widget-spacer\" data-id=\"4fb2849\" data-element_type=\"widget\" data-widget_type=\"spacer.default\">\n\t\t\t\t\t\t\t<div class=\"elementor-spacer\">\n\t\t\t<div class=\"elementor-spacer-inner\"><\/div>\n\t\t<\/div>\n\t\t\t\t\t\t<\/div>\n\t\t<div class=\"elementor-element elementor-element-b86623f e-grid e-con-full e-con e-child\" data-id=\"b86623f\" data-element_type=\"container\" data-settings=\"{&quot;background_background&quot;:&quot;slideshow&quot;,&quot;background_slideshow_gallery&quot;:[],&quot;background_slideshow_loop&quot;:&quot;yes&quot;,&quot;background_slideshow_slide_duration&quot;:5000,&quot;background_slideshow_slide_transition&quot;:&quot;fade&quot;,&quot;background_slideshow_transition_duration&quot;:500}\">\n\t\t\t\t<div class=\"elementor-element elementor-element-a5bb694 elementor-widget elementor-widget-n-accordion\" data-id=\"a5bb694\" data-element_type=\"widget\" data-settings=\"{&quot;max_items_expended&quot;:&quot;multiple&quot;,&quot;n_accordion_animation_duration&quot;:{&quot;unit&quot;:&quot;ms&quot;,&quot;size&quot;:500,&quot;sizes&quot;:[]},&quot;_animation&quot;:&quot;none&quot;,&quot;default_state&quot;:&quot;expanded&quot;}\" data-widget_type=\"nested-accordion.default\">\n\t\t\t\t\t\t\t<div class=\"e-n-accordion\" aria-label=\"Accordion. Open links with Enter or Space, close with Escape, and navigate with Arrow Keys\">\n\t\t\t\t\t\t<details id=\"e-n-accordion-item-1730\" class=\"e-n-accordion-item\" open>\n\t\t\t\t<summary class=\"e-n-accordion-item-title\" data-accordion-index=\"1\" tabindex=\"0\" aria-expanded=\"true\" aria-controls=\"e-n-accordion-item-1730\" >\n\t\t\t\t\t<span class='e-n-accordion-item-title-header'><div class=\"e-n-accordion-item-title-text\"> Item #1 <\/div><\/span>\n\t\t\t\t\t\t\t\t\t<\/summary>\n\t\t\t\t<div role=\"region\" aria-labelledby=\"e-n-accordion-item-1730\" class=\"elementor-element elementor-element-825b9bb e-con-full e-flex e-con e-child\" data-id=\"825b9bb\" data-element_type=\"container\">\n\t\t<div role=\"region\" aria-labelledby=\"e-n-accordion-item-1730\" class=\"elementor-element elementor-element-d785fbd e-flex e-con-boxed e-con e-child\" data-id=\"d785fbd\" data-element_type=\"container\">\n\t\t\t\t\t<div class=\"e-con-inner\">\n\t\t\t\t<div class=\"elementor-element elementor-element-72268d5 elementor-widget elementor-widget-image\" data-id=\"72268d5\" data-element_type=\"widget\" data-widget_type=\"image.default\">\n\t\t\t\t\t\t\t\t\t\t\t\t\t\t\t<img fetchpriority=\"high\" decoding=\"async\" width=\"500\" height=\"500\" src=\"https:\/\/smanzanedo.inscastellbisbal.net\/wp-content\/uploads\/2026\/03\/Comprovar_l_estat_fisic_dels_equips_i_verificar_compatibilitat_de_components_1_-removebg-preview.png\" class=\"attachment-large size-large wp-image-1067\" alt=\"\" srcset=\"https:\/\/smanzanedo.inscastellbisbal.net\/wp-content\/uploads\/2026\/03\/Comprovar_l_estat_fisic_dels_equips_i_verificar_compatibilitat_de_components_1_-removebg-preview.png 500w, https:\/\/smanzanedo.inscastellbisbal.net\/wp-content\/uploads\/2026\/03\/Comprovar_l_estat_fisic_dels_equips_i_verificar_compatibilitat_de_components_1_-removebg-preview-300x300.png 300w, https:\/\/smanzanedo.inscastellbisbal.net\/wp-content\/uploads\/2026\/03\/Comprovar_l_estat_fisic_dels_equips_i_verificar_compatibilitat_de_components_1_-removebg-preview-150x150.png 150w\" sizes=\"(max-width: 500px) 100vw, 500px\" \/>\t\t\t\t\t\t\t\t\t\t\t\t\t\t\t<\/div>\n\t\t\t\t\t<\/div>\n\t\t\t\t<\/div>\n\t\t\t\t<\/div>\n\t\t\t\t\t<\/details>\n\t\t\t\t\t\t<details id=\"e-n-accordion-item-1731\" class=\"e-n-accordion-item\" >\n\t\t\t\t<summary class=\"e-n-accordion-item-title\" data-accordion-index=\"2\" tabindex=\"-1\" aria-expanded=\"false\" aria-controls=\"e-n-accordion-item-1731\" >\n\t\t\t\t\t<span class='e-n-accordion-item-title-header'><div class=\"e-n-accordion-item-title-text\"> Item #2 <\/div><\/span>\n\t\t\t\t\t\t\t\t\t<\/summary>\n\t\t\t\t<div role=\"region\" aria-labelledby=\"e-n-accordion-item-1731\" class=\"elementor-element elementor-element-38e1ff5 e-con-full e-flex e-con e-child\" data-id=\"38e1ff5\" data-element_type=\"container\">\n\t\t\t\t<div class=\"elementor-element elementor-element-04acc27 elementor-align-center e-transform elementor-invisible elementor-widget elementor-widget-button\" data-id=\"04acc27\" data-element_type=\"widget\" data-settings=\"{&quot;_animation&quot;:&quot;fadeInLeft&quot;,&quot;_transform_translateX_effect&quot;:{&quot;unit&quot;:&quot;px&quot;,&quot;size&quot;:0,&quot;sizes&quot;:[]},&quot;_transform_translateX_effect_tablet&quot;:{&quot;unit&quot;:&quot;px&quot;,&quot;size&quot;:&quot;&quot;,&quot;sizes&quot;:[]},&quot;_transform_translateX_effect_mobile&quot;:{&quot;unit&quot;:&quot;px&quot;,&quot;size&quot;:&quot;&quot;,&quot;sizes&quot;:[]},&quot;_transform_translateY_effect&quot;:{&quot;unit&quot;:&quot;px&quot;,&quot;size&quot;:&quot;&quot;,&quot;sizes&quot;:[]},&quot;_transform_translateY_effect_tablet&quot;:{&quot;unit&quot;:&quot;px&quot;,&quot;size&quot;:&quot;&quot;,&quot;sizes&quot;:[]},&quot;_transform_translateY_effect_mobile&quot;:{&quot;unit&quot;:&quot;px&quot;,&quot;size&quot;:&quot;&quot;,&quot;sizes&quot;:[]}}\" data-widget_type=\"button.default\">\n\t\t\t\t\t\t\t\t\t\t<a class=\"elementor-button elementor-button-link elementor-size-sm\" href=\"https:\/\/smanzanedo.inscastellbisbal.net\/index.php\/comprovar-lestat-fisic-dels-equips-i-verificar-compatibilitat-de-components\/\">\n\t\t\t\t\t\t<span class=\"elementor-button-content-wrapper\">\n\t\t\t\t\t\t\t\t\t<span class=\"elementor-button-text\">M\u00e9s Informaci\u00f3<\/span>\n\t\t\t\t\t<\/span>\n\t\t\t\t\t<\/a>\n\t\t\t\t\t\t\t\t<\/div>\n\t\t\t\t<\/div>\n\t\t\t\t\t<\/details>\n\t\t\t\t\t<\/div>\n\t\t\t\t\t<script type=\"application\/ld+json\">{\"@context\":\"https:\\\/\\\/schema.org\",\"@type\":\"FAQPage\",\"mainEntity\":[{\"@type\":\"Question\",\"name\":\"Item #1\",\"acceptedAnswer\":{\"@type\":\"Answer\",\"text\":\"\"}},{\"@type\":\"Question\",\"name\":\"Item #2\",\"acceptedAnswer\":{\"@type\":\"Answer\",\"text\":\"M\\u00e9s Informaci\\u00f3\"}}]}<\/script>\n\t\t\t\t\t\t\t<\/div>\n\t\t\t\t<div class=\"elementor-element elementor-element-34223e3 elementor-widget elementor-widget-n-accordion\" data-id=\"34223e3\" data-element_type=\"widget\" data-settings=\"{&quot;max_items_expended&quot;:&quot;multiple&quot;,&quot;n_accordion_animation_duration&quot;:{&quot;unit&quot;:&quot;ms&quot;,&quot;size&quot;:500,&quot;sizes&quot;:[]},&quot;default_state&quot;:&quot;expanded&quot;}\" data-widget_type=\"nested-accordion.default\">\n\t\t\t\t\t\t\t<div class=\"e-n-accordion\" aria-label=\"Accordion. Open links with Enter or Space, close with Escape, and navigate with Arrow Keys\">\n\t\t\t\t\t\t<details id=\"e-n-accordion-item-5460\" class=\"e-n-accordion-item\" open>\n\t\t\t\t<summary class=\"e-n-accordion-item-title\" data-accordion-index=\"1\" tabindex=\"0\" aria-expanded=\"true\" aria-controls=\"e-n-accordion-item-5460\" >\n\t\t\t\t\t<span class='e-n-accordion-item-title-header'><div class=\"e-n-accordion-item-title-text\"> Item #1 <\/div><\/span>\n\t\t\t\t\t\t\t\t\t<\/summary>\n\t\t\t\t<div role=\"region\" aria-labelledby=\"e-n-accordion-item-5460\" class=\"elementor-element elementor-element-3ad3155 e-con-full e-flex e-con e-child\" data-id=\"3ad3155\" data-element_type=\"container\">\n\t\t<div role=\"region\" aria-labelledby=\"e-n-accordion-item-5460\" class=\"elementor-element elementor-element-e3d9e74 e-flex e-con-boxed e-con e-child\" data-id=\"e3d9e74\" data-element_type=\"container\">\n\t\t\t\t\t<div class=\"e-con-inner\">\n\t\t\t\t<div class=\"elementor-element elementor-element-fa8f758 elementor-widget elementor-widget-image\" data-id=\"fa8f758\" data-element_type=\"widget\" data-widget_type=\"image.default\">\n\t\t\t\t\t\t\t\t\t\t\t\t\t\t\t<img decoding=\"async\" width=\"1024\" height=\"1024\" src=\"https:\/\/smanzanedo.inscastellbisbal.net\/wp-content\/uploads\/2026\/03\/Comprovar-lestat-fisic-dels-equips-i-verificar-compatibilitat-de-components3-1024x1024.png\" class=\"attachment-large size-large wp-image-1113\" alt=\"\" srcset=\"https:\/\/smanzanedo.inscastellbisbal.net\/wp-content\/uploads\/2026\/03\/Comprovar-lestat-fisic-dels-equips-i-verificar-compatibilitat-de-components3-1024x1024.png 1024w, https:\/\/smanzanedo.inscastellbisbal.net\/wp-content\/uploads\/2026\/03\/Comprovar-lestat-fisic-dels-equips-i-verificar-compatibilitat-de-components3-300x300.png 300w, https:\/\/smanzanedo.inscastellbisbal.net\/wp-content\/uploads\/2026\/03\/Comprovar-lestat-fisic-dels-equips-i-verificar-compatibilitat-de-components3-150x150.png 150w, https:\/\/smanzanedo.inscastellbisbal.net\/wp-content\/uploads\/2026\/03\/Comprovar-lestat-fisic-dels-equips-i-verificar-compatibilitat-de-components3-768x768.png 768w, https:\/\/smanzanedo.inscastellbisbal.net\/wp-content\/uploads\/2026\/03\/Comprovar-lestat-fisic-dels-equips-i-verificar-compatibilitat-de-components3-1536x1536.png 1536w, https:\/\/smanzanedo.inscastellbisbal.net\/wp-content\/uploads\/2026\/03\/Comprovar-lestat-fisic-dels-equips-i-verificar-compatibilitat-de-components3.png 2000w\" sizes=\"(max-width: 1024px) 100vw, 1024px\" \/>\t\t\t\t\t\t\t\t\t\t\t\t\t\t\t<\/div>\n\t\t\t\t\t<\/div>\n\t\t\t\t<\/div>\n\t\t\t\t<\/div>\n\t\t\t\t\t<\/details>\n\t\t\t\t\t\t<details id=\"e-n-accordion-item-5461\" class=\"e-n-accordion-item\" >\n\t\t\t\t<summary class=\"e-n-accordion-item-title\" data-accordion-index=\"2\" tabindex=\"-1\" aria-expanded=\"false\" aria-controls=\"e-n-accordion-item-5461\" >\n\t\t\t\t\t<span class='e-n-accordion-item-title-header'><div class=\"e-n-accordion-item-title-text\"> Item #2 <\/div><\/span>\n\t\t\t\t\t\t\t\t\t<\/summary>\n\t\t\t\t<div role=\"region\" aria-labelledby=\"e-n-accordion-item-5461\" class=\"elementor-element elementor-element-fb411b4 e-con-full e-flex e-con e-child\" data-id=\"fb411b4\" data-element_type=\"container\">\n\t\t\t\t<div class=\"elementor-element elementor-element-9e3dffa elementor-align-center e-transform elementor-invisible elementor-widget elementor-widget-button\" data-id=\"9e3dffa\" data-element_type=\"widget\" data-settings=\"{&quot;_animation&quot;:&quot;fadeInLeft&quot;,&quot;_transform_translateX_effect&quot;:{&quot;unit&quot;:&quot;px&quot;,&quot;size&quot;:0,&quot;sizes&quot;:[]},&quot;_transform_translateX_effect_tablet&quot;:{&quot;unit&quot;:&quot;px&quot;,&quot;size&quot;:&quot;&quot;,&quot;sizes&quot;:[]},&quot;_transform_translateX_effect_mobile&quot;:{&quot;unit&quot;:&quot;px&quot;,&quot;size&quot;:&quot;&quot;,&quot;sizes&quot;:[]},&quot;_transform_translateY_effect&quot;:{&quot;unit&quot;:&quot;px&quot;,&quot;size&quot;:&quot;&quot;,&quot;sizes&quot;:[]},&quot;_transform_translateY_effect_tablet&quot;:{&quot;unit&quot;:&quot;px&quot;,&quot;size&quot;:&quot;&quot;,&quot;sizes&quot;:[]},&quot;_transform_translateY_effect_mobile&quot;:{&quot;unit&quot;:&quot;px&quot;,&quot;size&quot;:&quot;&quot;,&quot;sizes&quot;:[]}}\" data-widget_type=\"button.default\">\n\t\t\t\t\t\t\t\t\t\t<a class=\"elementor-button elementor-button-link elementor-size-sm\" href=\"https:\/\/smanzanedo.inscastellbisbal.net\/index.php\/netejar-i-fer-manteniment-preventiu-dels-ordinadors-i-periferics\/\">\n\t\t\t\t\t\t<span class=\"elementor-button-content-wrapper\">\n\t\t\t\t\t\t\t\t\t<span class=\"elementor-button-text\">M\u00e9s Informaci\u00f3<\/span>\n\t\t\t\t\t<\/span>\n\t\t\t\t\t<\/a>\n\t\t\t\t\t\t\t\t<\/div>\n\t\t\t\t<\/div>\n\t\t\t\t\t<\/details>\n\t\t\t\t\t<\/div>\n\t\t\t\t\t\t<\/div>\n\t\t\t\t<div class=\"elementor-element elementor-element-2458def elementor-widget elementor-widget-n-accordion\" data-id=\"2458def\" data-element_type=\"widget\" data-settings=\"{&quot;max_items_expended&quot;:&quot;multiple&quot;,&quot;n_accordion_animation_duration&quot;:{&quot;unit&quot;:&quot;ms&quot;,&quot;size&quot;:500,&quot;sizes&quot;:[]},&quot;default_state&quot;:&quot;expanded&quot;}\" data-widget_type=\"nested-accordion.default\">\n\t\t\t\t\t\t\t<div class=\"e-n-accordion\" aria-label=\"Accordion. Open links with Enter or Space, close with Escape, and navigate with Arrow Keys\">\n\t\t\t\t\t\t<details id=\"e-n-accordion-item-3810\" class=\"e-n-accordion-item\" open>\n\t\t\t\t<summary class=\"e-n-accordion-item-title\" data-accordion-index=\"1\" tabindex=\"0\" aria-expanded=\"true\" aria-controls=\"e-n-accordion-item-3810\" >\n\t\t\t\t\t<span class='e-n-accordion-item-title-header'><div class=\"e-n-accordion-item-title-text\"> Item #1 <\/div><\/span>\n\t\t\t\t\t\t\t\t\t<\/summary>\n\t\t\t\t<div role=\"region\" aria-labelledby=\"e-n-accordion-item-3810\" class=\"elementor-element elementor-element-6b7ce95 e-con-full e-flex e-con e-child\" data-id=\"6b7ce95\" data-element_type=\"container\">\n\t\t\t\t<div class=\"elementor-element elementor-element-89c8b4c elementor-widget elementor-widget-image\" data-id=\"89c8b4c\" data-element_type=\"widget\" data-widget_type=\"image.default\">\n\t\t\t\t\t\t\t\t\t\t\t\t\t\t\t<img decoding=\"async\" width=\"1024\" height=\"1024\" src=\"https:\/\/smanzanedo.inscastellbisbal.net\/wp-content\/uploads\/2026\/03\/Comprovar-lestat-fisic-dels-equips-i-verificar-compatibilitat-de-components4-1024x1024.png\" class=\"attachment-large size-large wp-image-1122\" alt=\"\" srcset=\"https:\/\/smanzanedo.inscastellbisbal.net\/wp-content\/uploads\/2026\/03\/Comprovar-lestat-fisic-dels-equips-i-verificar-compatibilitat-de-components4-1024x1024.png 1024w, https:\/\/smanzanedo.inscastellbisbal.net\/wp-content\/uploads\/2026\/03\/Comprovar-lestat-fisic-dels-equips-i-verificar-compatibilitat-de-components4-300x300.png 300w, https:\/\/smanzanedo.inscastellbisbal.net\/wp-content\/uploads\/2026\/03\/Comprovar-lestat-fisic-dels-equips-i-verificar-compatibilitat-de-components4-150x150.png 150w, https:\/\/smanzanedo.inscastellbisbal.net\/wp-content\/uploads\/2026\/03\/Comprovar-lestat-fisic-dels-equips-i-verificar-compatibilitat-de-components4-768x768.png 768w, https:\/\/smanzanedo.inscastellbisbal.net\/wp-content\/uploads\/2026\/03\/Comprovar-lestat-fisic-dels-equips-i-verificar-compatibilitat-de-components4-1536x1536.png 1536w, https:\/\/smanzanedo.inscastellbisbal.net\/wp-content\/uploads\/2026\/03\/Comprovar-lestat-fisic-dels-equips-i-verificar-compatibilitat-de-components4.png 2000w\" sizes=\"(max-width: 1024px) 100vw, 1024px\" \/>\t\t\t\t\t\t\t\t\t\t\t\t\t\t\t<\/div>\n\t\t\t\t<\/div>\n\t\t\t\t\t<\/details>\n\t\t\t\t\t\t<details id=\"e-n-accordion-item-3811\" class=\"e-n-accordion-item\" >\n\t\t\t\t<summary class=\"e-n-accordion-item-title\" data-accordion-index=\"2\" tabindex=\"-1\" aria-expanded=\"false\" aria-controls=\"e-n-accordion-item-3811\" >\n\t\t\t\t\t<span class='e-n-accordion-item-title-header'><div class=\"e-n-accordion-item-title-text\"> Item #2 <\/div><\/span>\n\t\t\t\t\t\t\t\t\t<\/summary>\n\t\t\t\t<div role=\"region\" aria-labelledby=\"e-n-accordion-item-3811\" class=\"elementor-element elementor-element-adbf7ae e-con-full e-flex e-con e-child\" data-id=\"adbf7ae\" data-element_type=\"container\">\n\t\t\t\t<div class=\"elementor-element elementor-element-bf6352a elementor-align-center e-transform elementor-invisible elementor-widget elementor-widget-button\" data-id=\"bf6352a\" data-element_type=\"widget\" data-settings=\"{&quot;_animation&quot;:&quot;fadeInLeft&quot;,&quot;_transform_translateX_effect&quot;:{&quot;unit&quot;:&quot;px&quot;,&quot;size&quot;:0,&quot;sizes&quot;:[]},&quot;_transform_translateX_effect_tablet&quot;:{&quot;unit&quot;:&quot;px&quot;,&quot;size&quot;:&quot;&quot;,&quot;sizes&quot;:[]},&quot;_transform_translateX_effect_mobile&quot;:{&quot;unit&quot;:&quot;px&quot;,&quot;size&quot;:&quot;&quot;,&quot;sizes&quot;:[]},&quot;_transform_translateY_effect&quot;:{&quot;unit&quot;:&quot;px&quot;,&quot;size&quot;:&quot;&quot;,&quot;sizes&quot;:[]},&quot;_transform_translateY_effect_tablet&quot;:{&quot;unit&quot;:&quot;px&quot;,&quot;size&quot;:&quot;&quot;,&quot;sizes&quot;:[]},&quot;_transform_translateY_effect_mobile&quot;:{&quot;unit&quot;:&quot;px&quot;,&quot;size&quot;:&quot;&quot;,&quot;sizes&quot;:[]}}\" data-widget_type=\"button.default\">\n\t\t\t\t\t\t\t\t\t\t<a class=\"elementor-button elementor-button-link elementor-size-sm\" href=\"https:\/\/smanzanedo.inscastellbisbal.net\/index.php\/detectar-i-solucionar-incidencies-basiques-de-maquinari\/\">\n\t\t\t\t\t\t<span class=\"elementor-button-content-wrapper\">\n\t\t\t\t\t\t\t\t\t<span class=\"elementor-button-text\">M\u00e9s Informaci\u00f3<\/span>\n\t\t\t\t\t<\/span>\n\t\t\t\t\t<\/a>\n\t\t\t\t\t\t\t\t<\/div>\n\t\t\t\t<\/div>\n\t\t\t\t\t<\/details>\n\t\t\t\t\t<\/div>\n\t\t\t\t\t\t<\/div>\n\t\t\t\t<div class=\"elementor-element elementor-element-1d43e3f elementor-widget elementor-widget-n-accordion\" data-id=\"1d43e3f\" data-element_type=\"widget\" data-settings=\"{&quot;max_items_expended&quot;:&quot;multiple&quot;,&quot;n_accordion_animation_duration&quot;:{&quot;unit&quot;:&quot;ms&quot;,&quot;size&quot;:500,&quot;sizes&quot;:[]},&quot;default_state&quot;:&quot;expanded&quot;}\" data-widget_type=\"nested-accordion.default\">\n\t\t\t\t\t\t\t<div class=\"e-n-accordion\" aria-label=\"Accordion. Open links with Enter or Space, close with Escape, and navigate with Arrow Keys\">\n\t\t\t\t\t\t<details id=\"e-n-accordion-item-3060\" class=\"e-n-accordion-item\" open>\n\t\t\t\t<summary class=\"e-n-accordion-item-title\" data-accordion-index=\"1\" tabindex=\"0\" aria-expanded=\"true\" aria-controls=\"e-n-accordion-item-3060\" >\n\t\t\t\t\t<span class='e-n-accordion-item-title-header'><div class=\"e-n-accordion-item-title-text\"> Item #1 <\/div><\/span>\n\t\t\t\t\t\t\t\t\t<\/summary>\n\t\t\t\t<div role=\"region\" aria-labelledby=\"e-n-accordion-item-3060\" class=\"elementor-element elementor-element-c4ce1a5 e-con-full e-flex e-con e-child\" data-id=\"c4ce1a5\" data-element_type=\"container\">\n\t\t\t\t<div class=\"elementor-element elementor-element-a5bbfb2 elementor-widget elementor-widget-image\" data-id=\"a5bbfb2\" data-element_type=\"widget\" data-widget_type=\"image.default\">\n\t\t\t\t\t\t\t\t\t\t\t\t\t\t\t<img loading=\"lazy\" decoding=\"async\" width=\"1024\" height=\"1024\" src=\"https:\/\/smanzanedo.inscastellbisbal.net\/wp-content\/uploads\/2026\/03\/Comprovar-lestat-fisic-dels-equips-i-verificar-compatibilitat-de-components5-1024x1024.png\" class=\"attachment-large size-large wp-image-1127\" alt=\"\" srcset=\"https:\/\/smanzanedo.inscastellbisbal.net\/wp-content\/uploads\/2026\/03\/Comprovar-lestat-fisic-dels-equips-i-verificar-compatibilitat-de-components5-1024x1024.png 1024w, https:\/\/smanzanedo.inscastellbisbal.net\/wp-content\/uploads\/2026\/03\/Comprovar-lestat-fisic-dels-equips-i-verificar-compatibilitat-de-components5-300x300.png 300w, https:\/\/smanzanedo.inscastellbisbal.net\/wp-content\/uploads\/2026\/03\/Comprovar-lestat-fisic-dels-equips-i-verificar-compatibilitat-de-components5-150x150.png 150w, https:\/\/smanzanedo.inscastellbisbal.net\/wp-content\/uploads\/2026\/03\/Comprovar-lestat-fisic-dels-equips-i-verificar-compatibilitat-de-components5-768x768.png 768w, https:\/\/smanzanedo.inscastellbisbal.net\/wp-content\/uploads\/2026\/03\/Comprovar-lestat-fisic-dels-equips-i-verificar-compatibilitat-de-components5-1536x1536.png 1536w, https:\/\/smanzanedo.inscastellbisbal.net\/wp-content\/uploads\/2026\/03\/Comprovar-lestat-fisic-dels-equips-i-verificar-compatibilitat-de-components5.png 2000w\" sizes=\"(max-width: 1024px) 100vw, 1024px\" \/>\t\t\t\t\t\t\t\t\t\t\t\t\t\t\t<\/div>\n\t\t\t\t<\/div>\n\t\t\t\t\t<\/details>\n\t\t\t\t\t\t<details id=\"e-n-accordion-item-3061\" class=\"e-n-accordion-item\" >\n\t\t\t\t<summary class=\"e-n-accordion-item-title\" data-accordion-index=\"2\" tabindex=\"-1\" aria-expanded=\"false\" aria-controls=\"e-n-accordion-item-3061\" >\n\t\t\t\t\t<span class='e-n-accordion-item-title-header'><div class=\"e-n-accordion-item-title-text\"> Item #2 <\/div><\/span>\n\t\t\t\t\t\t\t\t\t<\/summary>\n\t\t\t\t<div role=\"region\" aria-labelledby=\"e-n-accordion-item-3061\" class=\"elementor-element elementor-element-a1c8722 e-con-full e-flex e-con e-child\" data-id=\"a1c8722\" data-element_type=\"container\">\n\t\t\t\t<div class=\"elementor-element elementor-element-182cb12 elementor-align-center e-transform elementor-invisible elementor-widget elementor-widget-button\" data-id=\"182cb12\" data-element_type=\"widget\" data-settings=\"{&quot;_animation&quot;:&quot;fadeInLeft&quot;,&quot;_transform_translateX_effect&quot;:{&quot;unit&quot;:&quot;px&quot;,&quot;size&quot;:0,&quot;sizes&quot;:[]},&quot;_transform_translateX_effect_tablet&quot;:{&quot;unit&quot;:&quot;px&quot;,&quot;size&quot;:&quot;&quot;,&quot;sizes&quot;:[]},&quot;_transform_translateX_effect_mobile&quot;:{&quot;unit&quot;:&quot;px&quot;,&quot;size&quot;:&quot;&quot;,&quot;sizes&quot;:[]},&quot;_transform_translateY_effect&quot;:{&quot;unit&quot;:&quot;px&quot;,&quot;size&quot;:&quot;&quot;,&quot;sizes&quot;:[]},&quot;_transform_translateY_effect_tablet&quot;:{&quot;unit&quot;:&quot;px&quot;,&quot;size&quot;:&quot;&quot;,&quot;sizes&quot;:[]},&quot;_transform_translateY_effect_mobile&quot;:{&quot;unit&quot;:&quot;px&quot;,&quot;size&quot;:&quot;&quot;,&quot;sizes&quot;:[]}}\" data-widget_type=\"button.default\">\n\t\t\t\t\t\t\t\t\t\t<a class=\"elementor-button elementor-button-link elementor-size-sm\" href=\"https:\/\/smanzanedo.inscastellbisbal.net\/index.php\/inventari-i-etiquetatge-de-material\/\">\n\t\t\t\t\t\t<span class=\"elementor-button-content-wrapper\">\n\t\t\t\t\t\t\t\t\t<span class=\"elementor-button-text\">M\u00e9s Informaci\u00f3<\/span>\n\t\t\t\t\t<\/span>\n\t\t\t\t\t<\/a>\n\t\t\t\t\t\t\t\t<\/div>\n\t\t\t\t<\/div>\n\t\t\t\t\t<\/details>\n\t\t\t\t\t<\/div>\n\t\t\t\t\t\t<\/div>\n\t\t\t\t<\/div>\n\t\t\t\t\t<\/div>\n\t\t\t\t<\/div>\n\t\t\t\t<\/div>\n\t\t","protected":false},"excerpt":{"rendered":"<p>Item #1 Item #2 M\u00e9s Informaci\u00f3 M\u00e9s Informaci\u00f3 Item #1 Item #2 M\u00e9s Informaci\u00f3 M\u00e9s Informaci\u00f3 Item #1 Item #2 M\u00e9s Informaci\u00f3 M\u00e9s Informaci\u00f3 Item #1 Item #2 M\u00e9s Informaci\u00f3 M\u00e9s Informaci\u00f3<\/p>\n","protected":false},"author":1,"featured_media":0,"parent":0,"menu_order":0,"comment_status":"closed","ping_status":"closed","template":"","meta":{"footnotes":""},"class_list":["post-1047","page","type-page","status-publish","hentry"],"_links":{"self":[{"href":"https:\/\/smanzanedo.inscastellbisbal.net\/index.php\/wp-json\/wp\/v2\/pages\/1047","targetHints":{"allow":["GET"]}}],"collection":[{"href":"https:\/\/smanzanedo.inscastellbisbal.net\/index.php\/wp-json\/wp\/v2\/pages"}],"about":[{"href":"https:\/\/smanzanedo.inscastellbisbal.net\/index.php\/wp-json\/wp\/v2\/types\/page"}],"author":[{"embeddable":true,"href":"https:\/\/smanzanedo.inscastellbisbal.net\/index.php\/wp-json\/wp\/v2\/users\/1"}],"replies":[{"embeddable":true,"href":"https:\/\/smanzanedo.inscastellbisbal.net\/index.php\/wp-json\/wp\/v2\/comments?post=1047"}],"version-history":[{"count":64,"href":"https:\/\/smanzanedo.inscastellbisbal.net\/index.php\/wp-json\/wp\/v2\/pages\/1047\/revisions"}],"predecessor-version":[{"id":1140,"href":"https:\/\/smanzanedo.inscastellbisbal.net\/index.php\/wp-json\/wp\/v2\/pages\/1047\/revisions\/1140"}],"wp:attachment":[{"href":"https:\/\/smanzanedo.inscastellbisbal.net\/index.php\/wp-json\/wp\/v2\/media?parent=1047"}],"curies":[{"name":"wp","href":"https:\/\/api.w.org\/{rel}","templated":true}]}}