{"id":252,"date":"2025-10-06T10:52:35","date_gmt":"2025-10-06T10:52:35","guid":{"rendered":"https:\/\/smanzanedo.inscastellbisbal.net\/?page_id=252"},"modified":"2025-10-16T09:04:48","modified_gmt":"2025-10-16T09:04:48","slug":"sincronitzacio-en-el-mobil-del-correu-i-xat","status":"publish","type":"page","link":"https:\/\/smanzanedo.inscastellbisbal.net\/index.php\/sincronitzacio-en-el-mobil-del-correu-i-xat\/","title":{"rendered":"Sincronitzaci\u00f3 en el m\u00f2bil del correu i xat"},"content":{"rendered":"\n<p>Per comen\u00e7ar en el gmail anirem a &#8220;Configuraci\u00f3&#8221;<\/p>\n\n\n\n<figure class=\"wp-block-image size-full is-resized\"><img fetchpriority=\"high\" decoding=\"async\" width=\"1000\" height=\"600\" src=\"https:\/\/smanzanedo.inscastellbisbal.net\/wp-content\/uploads\/2025\/10\/Untitled-1.png\" alt=\"\" class=\"wp-image-584\" style=\"width:495px;height:auto\" srcset=\"https:\/\/smanzanedo.inscastellbisbal.net\/wp-content\/uploads\/2025\/10\/Untitled-1.png 1000w, https:\/\/smanzanedo.inscastellbisbal.net\/wp-content\/uploads\/2025\/10\/Untitled-1-300x180.png 300w, https:\/\/smanzanedo.inscastellbisbal.net\/wp-content\/uploads\/2025\/10\/Untitled-1-768x461.png 768w\" sizes=\"(max-width: 1000px) 100vw, 1000px\" \/><\/figure>\n\n\n\n<p>Seleccionem &#8220;Xat i Meet&#8221;  <\/p>\n\n\n\n<figure class=\"wp-block-image size-full is-resized\"><img decoding=\"async\" width=\"1000\" height=\"600\" src=\"https:\/\/smanzanedo.inscastellbisbal.net\/wp-content\/uploads\/2025\/10\/Untitled-2.png\" alt=\"\" class=\"wp-image-585\" style=\"width:572px;height:auto\" srcset=\"https:\/\/smanzanedo.inscastellbisbal.net\/wp-content\/uploads\/2025\/10\/Untitled-2.png 1000w, https:\/\/smanzanedo.inscastellbisbal.net\/wp-content\/uploads\/2025\/10\/Untitled-2-300x180.png 300w, https:\/\/smanzanedo.inscastellbisbal.net\/wp-content\/uploads\/2025\/10\/Untitled-2-768x461.png 768w\" sizes=\"(max-width: 1000px) 100vw, 1000px\" \/><\/figure>\n\n\n\n<p>Li donem al bot\u00f3 de &#8220;configuraci\u00f3 de xat&#8221;<\/p>\n\n\n\n<figure class=\"wp-block-image size-full\"><img decoding=\"async\" width=\"1000\" height=\"600\" src=\"https:\/\/smanzanedo.inscastellbisbal.net\/wp-content\/uploads\/2025\/10\/Untitled-3.png\" alt=\"\" class=\"wp-image-586\" srcset=\"https:\/\/smanzanedo.inscastellbisbal.net\/wp-content\/uploads\/2025\/10\/Untitled-3.png 1000w, https:\/\/smanzanedo.inscastellbisbal.net\/wp-content\/uploads\/2025\/10\/Untitled-3-300x180.png 300w, https:\/\/smanzanedo.inscastellbisbal.net\/wp-content\/uploads\/2025\/10\/Untitled-3-768x461.png 768w\" sizes=\"(max-width: 1000px) 100vw, 1000px\" \/><\/figure>\n\n\n\n<p>Per finalitza podem modificar com vulgem<\/p>\n\n\n\n<figure class=\"wp-block-image size-full is-resized\"><img loading=\"lazy\" decoding=\"async\" width=\"766\" height=\"587\" src=\"https:\/\/smanzanedo.inscastellbisbal.net\/wp-content\/uploads\/2025\/10\/image-16.png\" alt=\"\" class=\"wp-image-289\" style=\"width:840px;height:auto\" srcset=\"https:\/\/smanzanedo.inscastellbisbal.net\/wp-content\/uploads\/2025\/10\/image-16.png 766w, https:\/\/smanzanedo.inscastellbisbal.net\/wp-content\/uploads\/2025\/10\/image-16-300x230.png 300w\" sizes=\"(max-width: 766px) 100vw, 766px\" \/><\/figure>\n","protected":false},"excerpt":{"rendered":"<p>Per comen\u00e7ar en el gmail anirem a &#8220;Configuraci\u00f3&#8221; Seleccionem &#8220;Xat i Meet&#8221; Li donem al bot\u00f3 de &#8220;configuraci\u00f3 de xat&#8221; Per finalitza podem modificar com vulgem<\/p>\n","protected":false},"author":1,"featured_media":0,"parent":0,"menu_order":0,"comment_status":"closed","ping_status":"closed","template":"","meta":{"footnotes":""},"class_list":["post-252","page","type-page","status-publish","hentry"],"_links":{"self":[{"href":"https:\/\/smanzanedo.inscastellbisbal.net\/index.php\/wp-json\/wp\/v2\/pages\/252","targetHints":{"allow":["GET"]}}],"collection":[{"href":"https:\/\/smanzanedo.inscastellbisbal.net\/index.php\/wp-json\/wp\/v2\/pages"}],"about":[{"href":"https:\/\/smanzanedo.inscastellbisbal.net\/index.php\/wp-json\/wp\/v2\/types\/page"}],"author":[{"embeddable":true,"href":"https:\/\/smanzanedo.inscastellbisbal.net\/index.php\/wp-json\/wp\/v2\/users\/1"}],"replies":[{"embeddable":true,"href":"https:\/\/smanzanedo.inscastellbisbal.net\/index.php\/wp-json\/wp\/v2\/comments?post=252"}],"version-history":[{"count":5,"href":"https:\/\/smanzanedo.inscastellbisbal.net\/index.php\/wp-json\/wp\/v2\/pages\/252\/revisions"}],"predecessor-version":[{"id":587,"href":"https:\/\/smanzanedo.inscastellbisbal.net\/index.php\/wp-json\/wp\/v2\/pages\/252\/revisions\/587"}],"wp:attachment":[{"href":"https:\/\/smanzanedo.inscastellbisbal.net\/index.php\/wp-json\/wp\/v2\/media?parent=252"}],"curies":[{"name":"wp","href":"https:\/\/api.w.org\/{rel}","templated":true}]}}