{"id":256,"date":"2025-10-06T10:55:33","date_gmt":"2025-10-06T10:55:33","guid":{"rendered":"https:\/\/smanzanedo.inscastellbisbal.net\/?page_id=256"},"modified":"2026-01-20T08:53:38","modified_gmt":"2026-01-20T08:53:38","slug":"%f0%9f%8f%b7%ef%b8%8fconfiguracio-de-la-safata-dentrada-amb-etiquetes","status":"publish","type":"page","link":"https:\/\/smanzanedo.inscastellbisbal.net\/index.php\/%f0%9f%8f%b7%ef%b8%8fconfiguracio-de-la-safata-dentrada-amb-etiquetes\/","title":{"rendered":"\ud83c\udff7\ufe0f\u200bConfiguraci\u00f3 de la safata d&#8217;entrada amb etiquetes"},"content":{"rendered":"\t\t<div data-elementor-type=\"wp-page\" data-elementor-id=\"256\" class=\"elementor elementor-256\">\n\t\t\t\t<div class=\"elementor-element elementor-element-77f6f053 e-flex e-con-boxed e-con e-parent\" data-id=\"77f6f053\" data-element_type=\"container\">\n\t\t\t\t\t<div class=\"e-con-inner\">\n\t\t\t\t<div class=\"elementor-element elementor-element-3fdad9ee elementor-widget elementor-widget-text-editor\" data-id=\"3fdad9ee\" data-element_type=\"widget\" data-widget_type=\"text-editor.default\">\n\t\t\t\t\t\t\t\t\t\n<p><\/p>\n\n\n\n<p>Sobre la part dreta de la pantalla hi ha un simb\u00f3l que es un &#8220;engranatge&#8221;, li donem, ens portara a la <strong>configuraci\u00f3 rapida <\/strong>li donarem a &#8220;mostra tota la configuraci\u00f3&#8221;, ens portara a <strong>configuraci\u00f3<\/strong> ens fiquem a el apartat &#8220;etiquetes&#8221; a baix del tot trobarem la opcio de crear una etiqueta, li donem, posem el nom de la etiqueta i la creem.<\/p>\n\n\n\n<p><\/p>\n\n\n\n<p><\/p>\n\n\n\n<p><\/p>\n\t\t\t\t\t\t\t\t<\/div>\n\t\t\t\t\t<\/div>\n\t\t\t\t<\/div>\n\t\t<div class=\"elementor-element elementor-element-880c317 e-grid e-con-boxed e-con e-parent\" data-id=\"880c317\" data-element_type=\"container\">\n\t\t\t\t\t<div class=\"e-con-inner\">\n\t\t\t\t<div class=\"elementor-element elementor-element-127110c elementor-widget elementor-widget-image\" data-id=\"127110c\" data-element_type=\"widget\" data-widget_type=\"image.default\">\n\t\t\t\t\t\t\t\t\t\t\t\t\t\t\t<img fetchpriority=\"high\" decoding=\"async\" width=\"1000\" height=\"600\" src=\"https:\/\/smanzanedo.inscastellbisbal.net\/wp-content\/uploads\/2026\/01\/Fto1-1-1.png\" class=\"attachment-large size-large wp-image-886\" alt=\"\" srcset=\"https:\/\/smanzanedo.inscastellbisbal.net\/wp-content\/uploads\/2026\/01\/Fto1-1-1.png 1000w, https:\/\/smanzanedo.inscastellbisbal.net\/wp-content\/uploads\/2026\/01\/Fto1-1-1-300x180.png 300w, https:\/\/smanzanedo.inscastellbisbal.net\/wp-content\/uploads\/2026\/01\/Fto1-1-1-768x461.png 768w\" sizes=\"(max-width: 1000px) 100vw, 1000px\" \/>\t\t\t\t\t\t\t\t\t\t\t\t\t\t\t<\/div>\n\t\t\t\t<div class=\"elementor-element elementor-element-4aa2e40 elementor-widget elementor-widget-image\" data-id=\"4aa2e40\" data-element_type=\"widget\" data-widget_type=\"image.default\">\n\t\t\t\t\t\t\t\t\t\t\t\t\t\t\t<img decoding=\"async\" width=\"1000\" height=\"600\" src=\"https:\/\/smanzanedo.inscastellbisbal.net\/wp-content\/uploads\/2026\/01\/fto2-1.png\" class=\"attachment-large size-large wp-image-887\" alt=\"\" srcset=\"https:\/\/smanzanedo.inscastellbisbal.net\/wp-content\/uploads\/2026\/01\/fto2-1.png 1000w, https:\/\/smanzanedo.inscastellbisbal.net\/wp-content\/uploads\/2026\/01\/fto2-1-300x180.png 300w, https:\/\/smanzanedo.inscastellbisbal.net\/wp-content\/uploads\/2026\/01\/fto2-1-768x461.png 768w\" sizes=\"(max-width: 1000px) 100vw, 1000px\" \/>\t\t\t\t\t\t\t\t\t\t\t\t\t\t\t<\/div>\n\t\t\t\t<div class=\"elementor-element elementor-element-39ad1ba elementor-widget elementor-widget-image\" data-id=\"39ad1ba\" data-element_type=\"widget\" data-widget_type=\"image.default\">\n\t\t\t\t\t\t\t\t\t\t\t\t\t\t\t<img decoding=\"async\" width=\"1000\" height=\"600\" src=\"https:\/\/smanzanedo.inscastellbisbal.net\/wp-content\/uploads\/2026\/01\/fto3-1.png\" class=\"attachment-large size-large wp-image-888\" alt=\"\" srcset=\"https:\/\/smanzanedo.inscastellbisbal.net\/wp-content\/uploads\/2026\/01\/fto3-1.png 1000w, https:\/\/smanzanedo.inscastellbisbal.net\/wp-content\/uploads\/2026\/01\/fto3-1-300x180.png 300w, https:\/\/smanzanedo.inscastellbisbal.net\/wp-content\/uploads\/2026\/01\/fto3-1-768x461.png 768w\" sizes=\"(max-width: 1000px) 100vw, 1000px\" \/>\t\t\t\t\t\t\t\t\t\t\t\t\t\t\t<\/div>\n\t\t\t\t<div class=\"elementor-element elementor-element-07febd0 elementor-widget elementor-widget-image\" data-id=\"07febd0\" data-element_type=\"widget\" data-widget_type=\"image.default\">\n\t\t\t\t\t\t\t\t\t\t\t\t\t\t\t<img loading=\"lazy\" decoding=\"async\" width=\"1000\" height=\"600\" src=\"https:\/\/smanzanedo.inscastellbisbal.net\/wp-content\/uploads\/2026\/01\/fto4-1.png\" class=\"attachment-large size-large wp-image-889\" alt=\"\" srcset=\"https:\/\/smanzanedo.inscastellbisbal.net\/wp-content\/uploads\/2026\/01\/fto4-1.png 1000w, https:\/\/smanzanedo.inscastellbisbal.net\/wp-content\/uploads\/2026\/01\/fto4-1-300x180.png 300w, https:\/\/smanzanedo.inscastellbisbal.net\/wp-content\/uploads\/2026\/01\/fto4-1-768x461.png 768w\" sizes=\"(max-width: 1000px) 100vw, 1000px\" \/>\t\t\t\t\t\t\t\t\t\t\t\t\t\t\t<\/div>\n\t\t\t\t<div class=\"elementor-element elementor-element-b3cd3e4 elementor-widget elementor-widget-image\" data-id=\"b3cd3e4\" data-element_type=\"widget\" data-widget_type=\"image.default\">\n\t\t\t\t\t\t\t\t\t\t\t\t\t\t\t<img loading=\"lazy\" decoding=\"async\" width=\"508\" height=\"390\" src=\"https:\/\/smanzanedo.inscastellbisbal.net\/wp-content\/uploads\/2026\/01\/fto5-1.png\" class=\"attachment-large size-large wp-image-890\" alt=\"\" srcset=\"https:\/\/smanzanedo.inscastellbisbal.net\/wp-content\/uploads\/2026\/01\/fto5-1.png 508w, https:\/\/smanzanedo.inscastellbisbal.net\/wp-content\/uploads\/2026\/01\/fto5-1-300x230.png 300w\" sizes=\"(max-width: 508px) 100vw, 508px\" \/>\t\t\t\t\t\t\t\t\t\t\t\t\t\t\t<\/div>\n\t\t\t\t<div class=\"elementor-element elementor-element-53140bf elementor-widget elementor-widget-image\" data-id=\"53140bf\" data-element_type=\"widget\" data-widget_type=\"image.default\">\n\t\t\t\t\t\t\t\t\t\t\t\t\t\t\t<img loading=\"lazy\" decoding=\"async\" width=\"1000\" height=\"600\" src=\"https:\/\/smanzanedo.inscastellbisbal.net\/wp-content\/uploads\/2026\/01\/fto6-1.png\" class=\"attachment-large size-large wp-image-891\" alt=\"\" srcset=\"https:\/\/smanzanedo.inscastellbisbal.net\/wp-content\/uploads\/2026\/01\/fto6-1.png 1000w, https:\/\/smanzanedo.inscastellbisbal.net\/wp-content\/uploads\/2026\/01\/fto6-1-300x180.png 300w, https:\/\/smanzanedo.inscastellbisbal.net\/wp-content\/uploads\/2026\/01\/fto6-1-768x461.png 768w\" sizes=\"(max-width: 1000px) 100vw, 1000px\" \/>\t\t\t\t\t\t\t\t\t\t\t\t\t\t\t<\/div>\n\t\t\t\t\t<\/div>\n\t\t\t\t<\/div>\n\t\t\t\t<\/div>\n\t\t","protected":false},"excerpt":{"rendered":"<p>Sobre la part dreta de la pantalla hi ha un simb\u00f3l que es un &#8220;engranatge&#8221;, li donem, ens portara a la configuraci\u00f3 rapida li donarem a &#8220;mostra tota la configuraci\u00f3&#8221;, ens portara a configuraci\u00f3 ens&hellip;<\/p>\n","protected":false},"author":1,"featured_media":0,"parent":0,"menu_order":0,"comment_status":"closed","ping_status":"closed","template":"","meta":{"footnotes":""},"class_list":["post-256","page","type-page","status-publish","hentry"],"_links":{"self":[{"href":"https:\/\/smanzanedo.inscastellbisbal.net\/index.php\/wp-json\/wp\/v2\/pages\/256","targetHints":{"allow":["GET"]}}],"collection":[{"href":"https:\/\/smanzanedo.inscastellbisbal.net\/index.php\/wp-json\/wp\/v2\/pages"}],"about":[{"href":"https:\/\/smanzanedo.inscastellbisbal.net\/index.php\/wp-json\/wp\/v2\/types\/page"}],"author":[{"embeddable":true,"href":"https:\/\/smanzanedo.inscastellbisbal.net\/index.php\/wp-json\/wp\/v2\/users\/1"}],"replies":[{"embeddable":true,"href":"https:\/\/smanzanedo.inscastellbisbal.net\/index.php\/wp-json\/wp\/v2\/comments?post=256"}],"version-history":[{"count":10,"href":"https:\/\/smanzanedo.inscastellbisbal.net\/index.php\/wp-json\/wp\/v2\/pages\/256\/revisions"}],"predecessor-version":[{"id":894,"href":"https:\/\/smanzanedo.inscastellbisbal.net\/index.php\/wp-json\/wp\/v2\/pages\/256\/revisions\/894"}],"wp:attachment":[{"href":"https:\/\/smanzanedo.inscastellbisbal.net\/index.php\/wp-json\/wp\/v2\/media?parent=256"}],"curies":[{"name":"wp","href":"https:\/\/api.w.org\/{rel}","templated":true}]}}