{"id":291,"date":"2025-10-06T11:49:32","date_gmt":"2025-10-06T11:49:32","guid":{"rendered":"https:\/\/smanzanedo.inscastellbisbal.net\/?page_id=291"},"modified":"2025-10-06T12:24:52","modified_gmt":"2025-10-06T12:24:52","slug":"%f0%9f%93%8fcreacio-de-regles-de-filtrat-de-correu","status":"publish","type":"page","link":"https:\/\/smanzanedo.inscastellbisbal.net\/index.php\/%f0%9f%93%8fcreacio-de-regles-de-filtrat-de-correu\/","title":{"rendered":"\ud83d\udccf\u200bCreaci\u00f3 de regles de filtrat de correu"},"content":{"rendered":"\n<p>Per comen\u00e7ar has d&#8217;anar a &#8220;configuraci\u00f3&#8221; i fer click a &#8220;Filtres i adre\u00e7es bloqueades&#8221;<\/p>\n\n\n\n<figure class=\"wp-block-image size-full\"><img decoding=\"async\" width=\"187\" height=\"18\" src=\"https:\/\/smanzanedo.inscastellbisbal.net\/wp-content\/uploads\/2025\/10\/image-26.png\" alt=\"\" class=\"wp-image-325\"\/><\/figure>\n\n\n\n<p>Despr\u00e9s li donem a &#8220;Crear un filtre&#8221; <\/p>\n\n\n\n<figure class=\"wp-block-image size-full\"><img fetchpriority=\"high\" decoding=\"async\" width=\"943\" height=\"109\" src=\"https:\/\/smanzanedo.inscastellbisbal.net\/wp-content\/uploads\/2025\/10\/image-27.png\" alt=\"\" class=\"wp-image-326\" srcset=\"https:\/\/smanzanedo.inscastellbisbal.net\/wp-content\/uploads\/2025\/10\/image-27.png 943w, https:\/\/smanzanedo.inscastellbisbal.net\/wp-content\/uploads\/2025\/10\/image-27-300x35.png 300w, https:\/\/smanzanedo.inscastellbisbal.net\/wp-content\/uploads\/2025\/10\/image-27-768x89.png 768w\" sizes=\"(max-width: 943px) 100vw, 943px\" \/><\/figure>\n\n\n\n<p>i per acabar ho rellenem<\/p>\n","protected":false},"excerpt":{"rendered":"<p>Per comen\u00e7ar has d&#8217;anar a &#8220;configuraci\u00f3&#8221; i fer click a &#8220;Filtres i adre\u00e7es bloqueades&#8221; Despr\u00e9s li donem a &#8220;Crear un filtre&#8221; i per acabar ho rellenem<\/p>\n","protected":false},"author":1,"featured_media":0,"parent":0,"menu_order":0,"comment_status":"closed","ping_status":"closed","template":"","meta":{"footnotes":""},"class_list":["post-291","page","type-page","status-publish","hentry"],"_links":{"self":[{"href":"https:\/\/smanzanedo.inscastellbisbal.net\/index.php\/wp-json\/wp\/v2\/pages\/291","targetHints":{"allow":["GET"]}}],"collection":[{"href":"https:\/\/smanzanedo.inscastellbisbal.net\/index.php\/wp-json\/wp\/v2\/pages"}],"about":[{"href":"https:\/\/smanzanedo.inscastellbisbal.net\/index.php\/wp-json\/wp\/v2\/types\/page"}],"author":[{"embeddable":true,"href":"https:\/\/smanzanedo.inscastellbisbal.net\/index.php\/wp-json\/wp\/v2\/users\/1"}],"replies":[{"embeddable":true,"href":"https:\/\/smanzanedo.inscastellbisbal.net\/index.php\/wp-json\/wp\/v2\/comments?post=291"}],"version-history":[{"count":2,"href":"https:\/\/smanzanedo.inscastellbisbal.net\/index.php\/wp-json\/wp\/v2\/pages\/291\/revisions"}],"predecessor-version":[{"id":327,"href":"https:\/\/smanzanedo.inscastellbisbal.net\/index.php\/wp-json\/wp\/v2\/pages\/291\/revisions\/327"}],"wp:attachment":[{"href":"https:\/\/smanzanedo.inscastellbisbal.net\/index.php\/wp-json\/wp\/v2\/media?parent=291"}],"curies":[{"name":"wp","href":"https:\/\/api.w.org\/{rel}","templated":true}]}}