{"id":297,"date":"2025-10-06T11:51:29","date_gmt":"2025-10-06T11:51:29","guid":{"rendered":"https:\/\/smanzanedo.inscastellbisbal.net\/?page_id=297"},"modified":"2025-10-06T12:12:51","modified_gmt":"2025-10-06T12:12:51","slug":"%e2%9c%89%ef%b8%8fconfiguracio-de-redireccio-al-correu-corporatiu","status":"publish","type":"page","link":"https:\/\/smanzanedo.inscastellbisbal.net\/index.php\/%e2%9c%89%ef%b8%8fconfiguracio-de-redireccio-al-correu-corporatiu\/","title":{"rendered":"\u200b\u2709\ufe0f\u200bConfiguraci\u00f3 de redirecci\u00f3 al correu corporatiu"},"content":{"rendered":"\n<p>Per comen\u00e7ar anirem a &#8220;configuraci\u00f3&#8221; i  li donar-em a &#8220;Reenviament \/ POP\/IMAP&#8221;<\/p>\n\n\n\n<figure class=\"wp-block-image size-full\"><img decoding=\"async\" width=\"179\" height=\"40\" src=\"https:\/\/smanzanedo.inscastellbisbal.net\/wp-content\/uploads\/2025\/10\/image-24.png\" alt=\"\" class=\"wp-image-321\"\/><\/figure>\n\n\n\n<p>Despr\u00e9s farem click a &#8220;afegeix una adre\u00e7a de reenviament&#8221;<\/p>\n\n\n\n<figure class=\"wp-block-image size-full\"><img fetchpriority=\"high\" decoding=\"async\" width=\"901\" height=\"71\" src=\"https:\/\/smanzanedo.inscastellbisbal.net\/wp-content\/uploads\/2025\/10\/image-25.png\" alt=\"\" class=\"wp-image-322\" srcset=\"https:\/\/smanzanedo.inscastellbisbal.net\/wp-content\/uploads\/2025\/10\/image-25.png 901w, https:\/\/smanzanedo.inscastellbisbal.net\/wp-content\/uploads\/2025\/10\/image-25-300x24.png 300w, https:\/\/smanzanedo.inscastellbisbal.net\/wp-content\/uploads\/2025\/10\/image-25-768x61.png 768w\" sizes=\"(max-width: 901px) 100vw, 901px\" \/><\/figure>\n\n\n\n<p>Per ultim posem l&#8217;adre\u00e7a electronica que volem<\/p>\n","protected":false},"excerpt":{"rendered":"<p>Per comen\u00e7ar anirem a &#8220;configuraci\u00f3&#8221; i li donar-em a &#8220;Reenviament \/ POP\/IMAP&#8221; Despr\u00e9s farem click a &#8220;afegeix una adre\u00e7a de reenviament&#8221; Per ultim posem l&#8217;adre\u00e7a electronica que volem<\/p>\n","protected":false},"author":1,"featured_media":0,"parent":0,"menu_order":0,"comment_status":"closed","ping_status":"closed","template":"","meta":{"footnotes":""},"class_list":["post-297","page","type-page","status-publish","hentry"],"_links":{"self":[{"href":"https:\/\/smanzanedo.inscastellbisbal.net\/index.php\/wp-json\/wp\/v2\/pages\/297","targetHints":{"allow":["GET"]}}],"collection":[{"href":"https:\/\/smanzanedo.inscastellbisbal.net\/index.php\/wp-json\/wp\/v2\/pages"}],"about":[{"href":"https:\/\/smanzanedo.inscastellbisbal.net\/index.php\/wp-json\/wp\/v2\/types\/page"}],"author":[{"embeddable":true,"href":"https:\/\/smanzanedo.inscastellbisbal.net\/index.php\/wp-json\/wp\/v2\/users\/1"}],"replies":[{"embeddable":true,"href":"https:\/\/smanzanedo.inscastellbisbal.net\/index.php\/wp-json\/wp\/v2\/comments?post=297"}],"version-history":[{"count":2,"href":"https:\/\/smanzanedo.inscastellbisbal.net\/index.php\/wp-json\/wp\/v2\/pages\/297\/revisions"}],"predecessor-version":[{"id":323,"href":"https:\/\/smanzanedo.inscastellbisbal.net\/index.php\/wp-json\/wp\/v2\/pages\/297\/revisions\/323"}],"wp:attachment":[{"href":"https:\/\/smanzanedo.inscastellbisbal.net\/index.php\/wp-json\/wp\/v2\/media?parent=297"}],"curies":[{"name":"wp","href":"https:\/\/api.w.org\/{rel}","templated":true}]}}