{"id":299,"date":"2025-10-06T11:52:12","date_gmt":"2025-10-06T11:52:12","guid":{"rendered":"https:\/\/smanzanedo.inscastellbisbal.net\/?page_id=299"},"modified":"2025-10-06T12:05:49","modified_gmt":"2025-10-06T12:05:49","slug":"%f0%9f%93%a7enviament-de-correus-en-nom-daquest-compte-des-del-correu-corporatiu","status":"publish","type":"page","link":"https:\/\/smanzanedo.inscastellbisbal.net\/index.php\/%f0%9f%93%a7enviament-de-correus-en-nom-daquest-compte-des-del-correu-corporatiu\/","title":{"rendered":"\u200b\ud83d\udce7\u200bEnviament de correus en nom d&#8217;aquest compte des del correu corporatiu"},"content":{"rendered":"\n<p><\/p>\n\n\n\n<p>Per comen\u00e7ar tenim que anar a &#8220;configuraci\u00f3&#8221; i donar-li a &#8220;comptes&#8221;<\/p>\n\n\n\n<figure class=\"wp-block-image size-full\"><img decoding=\"async\" width=\"75\" height=\"40\" src=\"https:\/\/smanzanedo.inscastellbisbal.net\/wp-content\/uploads\/2025\/10\/image-22.png\" alt=\"\" class=\"wp-image-316\"\/><\/figure>\n\n\n\n<p>Despr\u00e9s a &#8220;afegeix un altre adre\u00e7a electronica&#8221; <\/p>\n\n\n\n<figure class=\"wp-block-image size-full\"><img fetchpriority=\"high\" decoding=\"async\" width=\"771\" height=\"83\" src=\"https:\/\/smanzanedo.inscastellbisbal.net\/wp-content\/uploads\/2025\/10\/image-23.png\" alt=\"\" class=\"wp-image-318\" srcset=\"https:\/\/smanzanedo.inscastellbisbal.net\/wp-content\/uploads\/2025\/10\/image-23.png 771w, https:\/\/smanzanedo.inscastellbisbal.net\/wp-content\/uploads\/2025\/10\/image-23-300x32.png 300w, https:\/\/smanzanedo.inscastellbisbal.net\/wp-content\/uploads\/2025\/10\/image-23-768x83.png 768w\" sizes=\"(max-width: 771px) 100vw, 771px\" \/><\/figure>\n\n\n\n<p>per ultim rellena tota la informaci\u00f3 sobre el compte que vols afegir<\/p>\n","protected":false},"excerpt":{"rendered":"<p>Per comen\u00e7ar tenim que anar a &#8220;configuraci\u00f3&#8221; i donar-li a &#8220;comptes&#8221; Despr\u00e9s a &#8220;afegeix un altre adre\u00e7a electronica&#8221; per ultim rellena tota la informaci\u00f3 sobre el compte que vols afegir<\/p>\n","protected":false},"author":1,"featured_media":0,"parent":0,"menu_order":0,"comment_status":"closed","ping_status":"closed","template":"","meta":{"footnotes":""},"class_list":["post-299","page","type-page","status-publish","hentry"],"_links":{"self":[{"href":"https:\/\/smanzanedo.inscastellbisbal.net\/index.php\/wp-json\/wp\/v2\/pages\/299","targetHints":{"allow":["GET"]}}],"collection":[{"href":"https:\/\/smanzanedo.inscastellbisbal.net\/index.php\/wp-json\/wp\/v2\/pages"}],"about":[{"href":"https:\/\/smanzanedo.inscastellbisbal.net\/index.php\/wp-json\/wp\/v2\/types\/page"}],"author":[{"embeddable":true,"href":"https:\/\/smanzanedo.inscastellbisbal.net\/index.php\/wp-json\/wp\/v2\/users\/1"}],"replies":[{"embeddable":true,"href":"https:\/\/smanzanedo.inscastellbisbal.net\/index.php\/wp-json\/wp\/v2\/comments?post=299"}],"version-history":[{"count":2,"href":"https:\/\/smanzanedo.inscastellbisbal.net\/index.php\/wp-json\/wp\/v2\/pages\/299\/revisions"}],"predecessor-version":[{"id":319,"href":"https:\/\/smanzanedo.inscastellbisbal.net\/index.php\/wp-json\/wp\/v2\/pages\/299\/revisions\/319"}],"wp:attachment":[{"href":"https:\/\/smanzanedo.inscastellbisbal.net\/index.php\/wp-json\/wp\/v2\/media?parent=299"}],"curies":[{"name":"wp","href":"https:\/\/api.w.org\/{rel}","templated":true}]}}