{"id":303,"date":"2025-10-06T11:54:29","date_gmt":"2025-10-06T11:54:29","guid":{"rendered":"https:\/\/smanzanedo.inscastellbisbal.net\/?page_id=303"},"modified":"2025-10-06T12:00:13","modified_gmt":"2025-10-06T12:00:13","slug":"%f0%9f%93%96creacio-dun-correu-per-temes-academics-i-professionals-identificatiu","status":"publish","type":"page","link":"https:\/\/smanzanedo.inscastellbisbal.net\/index.php\/%f0%9f%93%96creacio-dun-correu-per-temes-academics-i-professionals-identificatiu\/","title":{"rendered":"\u200b\u200b\ud83d\udcd6\u200bCreaci\u00f3 d&#8217;un correu per temes acad\u00e8mics i professionals identificatiu"},"content":{"rendered":"\n<p><\/p>\n\n\n\n<p>El primer pas es donar-li a &#8220;Create an account&#8221;<\/p>\n\n\n\n<figure class=\"wp-block-image size-full\"><img decoding=\"async\" width=\"221\" height=\"99\" src=\"https:\/\/smanzanedo.inscastellbisbal.net\/wp-content\/uploads\/2025\/10\/image-17.png\" alt=\"\" class=\"wp-image-310\"\/><\/figure>\n\n\n\n<p>despr\u00e9s posem nom i cognoms <\/p>\n\n\n\n<figure class=\"wp-block-image size-large\"><img fetchpriority=\"high\" decoding=\"async\" width=\"1024\" height=\"378\" src=\"https:\/\/smanzanedo.inscastellbisbal.net\/wp-content\/uploads\/2025\/10\/image-18-1024x378.png\" alt=\"\" class=\"wp-image-311\" srcset=\"https:\/\/smanzanedo.inscastellbisbal.net\/wp-content\/uploads\/2025\/10\/image-18-1024x378.png 1024w, https:\/\/smanzanedo.inscastellbisbal.net\/wp-content\/uploads\/2025\/10\/image-18-300x111.png 300w, https:\/\/smanzanedo.inscastellbisbal.net\/wp-content\/uploads\/2025\/10\/image-18-768x284.png 768w, https:\/\/smanzanedo.inscastellbisbal.net\/wp-content\/uploads\/2025\/10\/image-18.png 1040w\" sizes=\"(max-width: 1024px) 100vw, 1024px\" \/><\/figure>\n\n\n\n<p>Posem la nostra data de naixement<\/p>\n\n\n\n<figure class=\"wp-block-image size-large\"><img decoding=\"async\" width=\"1024\" height=\"397\" src=\"https:\/\/smanzanedo.inscastellbisbal.net\/wp-content\/uploads\/2025\/10\/image-20-1024x397.png\" alt=\"\" class=\"wp-image-313\" srcset=\"https:\/\/smanzanedo.inscastellbisbal.net\/wp-content\/uploads\/2025\/10\/image-20-1024x397.png 1024w, https:\/\/smanzanedo.inscastellbisbal.net\/wp-content\/uploads\/2025\/10\/image-20-300x116.png 300w, https:\/\/smanzanedo.inscastellbisbal.net\/wp-content\/uploads\/2025\/10\/image-20-768x298.png 768w, https:\/\/smanzanedo.inscastellbisbal.net\/wp-content\/uploads\/2025\/10\/image-20.png 1040w\" sizes=\"(max-width: 1024px) 100vw, 1024px\" \/><\/figure>\n\n\n\n<p>Li donem a l&#8217;ultima opci\u00f3 i creem la nostra direcci\u00f3 de gmail<\/p>\n\n\n\n<figure class=\"wp-block-image size-full\"><img loading=\"lazy\" decoding=\"async\" width=\"525\" height=\"416\" src=\"https:\/\/smanzanedo.inscastellbisbal.net\/wp-content\/uploads\/2025\/10\/image-21.png\" alt=\"\" class=\"wp-image-314\" srcset=\"https:\/\/smanzanedo.inscastellbisbal.net\/wp-content\/uploads\/2025\/10\/image-21.png 525w, https:\/\/smanzanedo.inscastellbisbal.net\/wp-content\/uploads\/2025\/10\/image-21-300x238.png 300w\" sizes=\"(max-width: 525px) 100vw, 525px\" \/><\/figure>\n","protected":false},"excerpt":{"rendered":"<p>El primer pas es donar-li a &#8220;Create an account&#8221; despr\u00e9s posem nom i cognoms Posem la nostra data de naixement Li donem a l&#8217;ultima opci\u00f3 i creem la nostra direcci\u00f3 de gmail<\/p>\n","protected":false},"author":1,"featured_media":0,"parent":0,"menu_order":0,"comment_status":"closed","ping_status":"closed","template":"","meta":{"footnotes":""},"class_list":["post-303","page","type-page","status-publish","hentry"],"_links":{"self":[{"href":"https:\/\/smanzanedo.inscastellbisbal.net\/index.php\/wp-json\/wp\/v2\/pages\/303","targetHints":{"allow":["GET"]}}],"collection":[{"href":"https:\/\/smanzanedo.inscastellbisbal.net\/index.php\/wp-json\/wp\/v2\/pages"}],"about":[{"href":"https:\/\/smanzanedo.inscastellbisbal.net\/index.php\/wp-json\/wp\/v2\/types\/page"}],"author":[{"embeddable":true,"href":"https:\/\/smanzanedo.inscastellbisbal.net\/index.php\/wp-json\/wp\/v2\/users\/1"}],"replies":[{"embeddable":true,"href":"https:\/\/smanzanedo.inscastellbisbal.net\/index.php\/wp-json\/wp\/v2\/comments?post=303"}],"version-history":[{"count":2,"href":"https:\/\/smanzanedo.inscastellbisbal.net\/index.php\/wp-json\/wp\/v2\/pages\/303\/revisions"}],"predecessor-version":[{"id":315,"href":"https:\/\/smanzanedo.inscastellbisbal.net\/index.php\/wp-json\/wp\/v2\/pages\/303\/revisions\/315"}],"wp:attachment":[{"href":"https:\/\/smanzanedo.inscastellbisbal.net\/index.php\/wp-json\/wp\/v2\/media?parent=303"}],"curies":[{"name":"wp","href":"https:\/\/api.w.org\/{rel}","templated":true}]}}