{"id":420,"date":"2025-10-07T08:48:51","date_gmt":"2025-10-07T08:48:51","guid":{"rendered":"https:\/\/smanzanedo.inscastellbisbal.net\/?page_id=420"},"modified":"2025-12-16T09:32:20","modified_gmt":"2025-12-16T09:32:20","slug":"%f0%9f%97%93%ef%b8%8fcomparticio-del-calendari-personal-amb-el-corporatiu","status":"publish","type":"page","link":"https:\/\/smanzanedo.inscastellbisbal.net\/index.php\/%f0%9f%97%93%ef%b8%8fcomparticio-del-calendari-personal-amb-el-corporatiu\/","title":{"rendered":"\u200b\ud83d\uddd3\ufe0f\u200bCompartici\u00f3 del calendari personal amb el corporatiu"},"content":{"rendered":"\n<p><br>Per comen\u00e7ar, tenim que donar-li al engranatge per accedir a la configuraci\u00f3.<\/p>\n\n\n\n<figure class=\"wp-block-image size-large\"><img fetchpriority=\"high\" decoding=\"async\" width=\"1024\" height=\"506\" src=\"https:\/\/smanzanedo.inscastellbisbal.net\/wp-content\/uploads\/2025\/12\/Screenshot-2025-12-16-at-09-04-48-Google-Calendar-Semana-del-14-de-diciembre-de-2025-1-1024x506.png\" alt=\"\" class=\"wp-image-867\" srcset=\"https:\/\/smanzanedo.inscastellbisbal.net\/wp-content\/uploads\/2025\/12\/Screenshot-2025-12-16-at-09-04-48-Google-Calendar-Semana-del-14-de-diciembre-de-2025-1-1024x506.png 1024w, https:\/\/smanzanedo.inscastellbisbal.net\/wp-content\/uploads\/2025\/12\/Screenshot-2025-12-16-at-09-04-48-Google-Calendar-Semana-del-14-de-diciembre-de-2025-1-300x148.png 300w, https:\/\/smanzanedo.inscastellbisbal.net\/wp-content\/uploads\/2025\/12\/Screenshot-2025-12-16-at-09-04-48-Google-Calendar-Semana-del-14-de-diciembre-de-2025-1-768x380.png 768w, https:\/\/smanzanedo.inscastellbisbal.net\/wp-content\/uploads\/2025\/12\/Screenshot-2025-12-16-at-09-04-48-Google-Calendar-Semana-del-14-de-diciembre-de-2025-1-1536x759.png 1536w, https:\/\/smanzanedo.inscastellbisbal.net\/wp-content\/uploads\/2025\/12\/Screenshot-2025-12-16-at-09-04-48-Google-Calendar-Semana-del-14-de-diciembre-de-2025-1.png 1873w\" sizes=\"(max-width: 1024px) 100vw, 1024px\" \/><\/figure>\n\n\n\n<p>En configuraci\u00f3 anem a &#8220;A\u00f1adir Calendario&#8221;<\/p>\n\n\n\n<figure class=\"wp-block-gallery has-nested-images columns-default is-cropped wp-block-gallery-1 is-layout-flex wp-block-gallery-is-layout-flex\">\n<figure class=\"wp-block-image size-full\"><img decoding=\"async\" width=\"1855\" height=\"915\" data-id=\"868\" src=\"https:\/\/smanzanedo.inscastellbisbal.net\/wp-content\/uploads\/2025\/12\/Screenshot-2025-12-16-at-09-09-30-Google-Calendar-Configuracion-general.png\" alt=\"\" class=\"wp-image-868\" srcset=\"https:\/\/smanzanedo.inscastellbisbal.net\/wp-content\/uploads\/2025\/12\/Screenshot-2025-12-16-at-09-09-30-Google-Calendar-Configuracion-general.png 1855w, https:\/\/smanzanedo.inscastellbisbal.net\/wp-content\/uploads\/2025\/12\/Screenshot-2025-12-16-at-09-09-30-Google-Calendar-Configuracion-general-300x148.png 300w, https:\/\/smanzanedo.inscastellbisbal.net\/wp-content\/uploads\/2025\/12\/Screenshot-2025-12-16-at-09-09-30-Google-Calendar-Configuracion-general-1024x505.png 1024w, https:\/\/smanzanedo.inscastellbisbal.net\/wp-content\/uploads\/2025\/12\/Screenshot-2025-12-16-at-09-09-30-Google-Calendar-Configuracion-general-768x379.png 768w, https:\/\/smanzanedo.inscastellbisbal.net\/wp-content\/uploads\/2025\/12\/Screenshot-2025-12-16-at-09-09-30-Google-Calendar-Configuracion-general-1536x758.png 1536w\" sizes=\"(max-width: 1855px) 100vw, 1855px\" \/><\/figure>\n<\/figure>\n\n\n\n<p>Despr\u00e9s a tenim que seleccionar &#8220;Subscribirse a un calendario&#8221;<\/p>\n\n\n\n<figure class=\"wp-block-image size-full\"><img decoding=\"async\" width=\"1837\" height=\"926\" src=\"https:\/\/smanzanedo.inscastellbisbal.net\/wp-content\/uploads\/2025\/12\/Screenshot-2025-12-16-at-09-17-10-Google-Calendar-Configuracion-general.png\" alt=\"\" class=\"wp-image-869\" srcset=\"https:\/\/smanzanedo.inscastellbisbal.net\/wp-content\/uploads\/2025\/12\/Screenshot-2025-12-16-at-09-17-10-Google-Calendar-Configuracion-general.png 1837w, https:\/\/smanzanedo.inscastellbisbal.net\/wp-content\/uploads\/2025\/12\/Screenshot-2025-12-16-at-09-17-10-Google-Calendar-Configuracion-general-300x151.png 300w, https:\/\/smanzanedo.inscastellbisbal.net\/wp-content\/uploads\/2025\/12\/Screenshot-2025-12-16-at-09-17-10-Google-Calendar-Configuracion-general-1024x516.png 1024w, https:\/\/smanzanedo.inscastellbisbal.net\/wp-content\/uploads\/2025\/12\/Screenshot-2025-12-16-at-09-17-10-Google-Calendar-Configuracion-general-768x387.png 768w, https:\/\/smanzanedo.inscastellbisbal.net\/wp-content\/uploads\/2025\/12\/Screenshot-2025-12-16-at-09-17-10-Google-Calendar-Configuracion-general-1536x774.png 1536w\" sizes=\"(max-width: 1837px) 100vw, 1837px\" \/><\/figure>\n\n\n\n<p>I per \u00faltim posem el correu amb el qual volem compartir el nostre calendar<br><\/p>\n\n\n\n<figure class=\"wp-block-image size-full\"><img loading=\"lazy\" decoding=\"async\" width=\"1829\" height=\"905\" src=\"https:\/\/smanzanedo.inscastellbisbal.net\/wp-content\/uploads\/2025\/12\/Screenshot-2025-12-16-at-09-20-56-Google-Calendar-Anadir-calendario.png\" alt=\"\" class=\"wp-image-870\" srcset=\"https:\/\/smanzanedo.inscastellbisbal.net\/wp-content\/uploads\/2025\/12\/Screenshot-2025-12-16-at-09-20-56-Google-Calendar-Anadir-calendario.png 1829w, https:\/\/smanzanedo.inscastellbisbal.net\/wp-content\/uploads\/2025\/12\/Screenshot-2025-12-16-at-09-20-56-Google-Calendar-Anadir-calendario-300x148.png 300w, https:\/\/smanzanedo.inscastellbisbal.net\/wp-content\/uploads\/2025\/12\/Screenshot-2025-12-16-at-09-20-56-Google-Calendar-Anadir-calendario-1024x507.png 1024w, https:\/\/smanzanedo.inscastellbisbal.net\/wp-content\/uploads\/2025\/12\/Screenshot-2025-12-16-at-09-20-56-Google-Calendar-Anadir-calendario-768x380.png 768w, https:\/\/smanzanedo.inscastellbisbal.net\/wp-content\/uploads\/2025\/12\/Screenshot-2025-12-16-at-09-20-56-Google-Calendar-Anadir-calendario-1536x760.png 1536w\" sizes=\"(max-width: 1829px) 100vw, 1829px\" \/><\/figure>\n\n\n\n<p><\/p>\n","protected":false},"excerpt":{"rendered":"<p>Per comen\u00e7ar, tenim que donar-li al engranatge per accedir a la configuraci\u00f3. En configuraci\u00f3 anem a &#8220;A\u00f1adir Calendario&#8221; Despr\u00e9s a tenim que seleccionar &#8220;Subscribirse a un calendario&#8221; I per \u00faltim posem el correu amb el&hellip;<\/p>\n","protected":false},"author":1,"featured_media":0,"parent":0,"menu_order":0,"comment_status":"closed","ping_status":"closed","template":"","meta":{"footnotes":""},"class_list":["post-420","page","type-page","status-publish","hentry"],"_links":{"self":[{"href":"https:\/\/smanzanedo.inscastellbisbal.net\/index.php\/wp-json\/wp\/v2\/pages\/420","targetHints":{"allow":["GET"]}}],"collection":[{"href":"https:\/\/smanzanedo.inscastellbisbal.net\/index.php\/wp-json\/wp\/v2\/pages"}],"about":[{"href":"https:\/\/smanzanedo.inscastellbisbal.net\/index.php\/wp-json\/wp\/v2\/types\/page"}],"author":[{"embeddable":true,"href":"https:\/\/smanzanedo.inscastellbisbal.net\/index.php\/wp-json\/wp\/v2\/users\/1"}],"replies":[{"embeddable":true,"href":"https:\/\/smanzanedo.inscastellbisbal.net\/index.php\/wp-json\/wp\/v2\/comments?post=420"}],"version-history":[{"count":3,"href":"https:\/\/smanzanedo.inscastellbisbal.net\/index.php\/wp-json\/wp\/v2\/pages\/420\/revisions"}],"predecessor-version":[{"id":871,"href":"https:\/\/smanzanedo.inscastellbisbal.net\/index.php\/wp-json\/wp\/v2\/pages\/420\/revisions\/871"}],"wp:attachment":[{"href":"https:\/\/smanzanedo.inscastellbisbal.net\/index.php\/wp-json\/wp\/v2\/media?parent=420"}],"curies":[{"name":"wp","href":"https:\/\/api.w.org\/{rel}","templated":true}]}}