{"id":607,"date":"2025-10-21T07:25:11","date_gmt":"2025-10-21T07:25:11","guid":{"rendered":"https:\/\/smanzanedo.inscastellbisbal.net\/?page_id=607"},"modified":"2025-10-29T07:31:02","modified_gmt":"2025-10-29T07:31:02","slug":"%f0%9f%aa%9b-component-dun-ordinador","status":"publish","type":"page","link":"https:\/\/smanzanedo.inscastellbisbal.net\/index.php\/%f0%9f%aa%9b-component-dun-ordinador\/","title":{"rendered":"\ud83e\ude9b\u200b Assamblament de Components"},"content":{"rendered":"\n<p class=\"has-vivid-red-color has-text-color has-link-color wp-elements-decbb831d44ba2994dc8a2556da9b378\">Marca: HP<\/p>\n\n\n\n<p class=\"has-vivid-red-color has-text-color has-link-color wp-elements-0f315c79f07656e6b221f4187d041a86\">Model: LGA1151<\/p>\n\n\n\n<p class=\"has-vivid-red-color has-text-color has-link-color wp-elements-3e7dd70505993419d12065f41ea5b806\">Nom: Placa Base<\/p>\n\n\n\n<figure class=\"wp-block-image size-full\"><img fetchpriority=\"high\" decoding=\"async\" width=\"936\" height=\"568\" src=\"https:\/\/smanzanedo.inscastellbisbal.net\/wp-content\/uploads\/2025\/10\/Screenshot-2025-10-27-at-09-16-42-Inventari-Torre-8-Grup-7-Documents-de-Google.png\" alt=\"\" class=\"wp-image-632\" srcset=\"https:\/\/smanzanedo.inscastellbisbal.net\/wp-content\/uploads\/2025\/10\/Screenshot-2025-10-27-at-09-16-42-Inventari-Torre-8-Grup-7-Documents-de-Google.png 936w, https:\/\/smanzanedo.inscastellbisbal.net\/wp-content\/uploads\/2025\/10\/Screenshot-2025-10-27-at-09-16-42-Inventari-Torre-8-Grup-7-Documents-de-Google-300x182.png 300w, https:\/\/smanzanedo.inscastellbisbal.net\/wp-content\/uploads\/2025\/10\/Screenshot-2025-10-27-at-09-16-42-Inventari-Torre-8-Grup-7-Documents-de-Google-768x466.png 768w\" sizes=\"(max-width: 936px) 100vw, 936px\" \/><\/figure>\n\n\n\n<ul class=\"wp-block-list has-vivid-red-color has-text-color has-link-color wp-elements-6811839ce6671973c7c3fdbefd3ef3ad\">\n<li class=\"has-vivid-red-color has-text-color has-link-color wp-elements-acbdb12eba06cdaba0be10b4ce4bfb90\"><strong>PCI slots:<\/strong> Serveixen per instal\u00b7lar una gran varietat de targetes d\u2019expansi\u00f3<\/li>\n<\/ul>\n\n\n\n<ul class=\"wp-block-list has-vivid-red-color has-text-color has-link-color wp-elements-e193c998adfd8574e2df81a1e76813d5\">\n<li class=\"has-vivid-red-color has-text-color has-link-color wp-elements-0680ac88b198da3c4a3b2165271fe235\"><strong>PCIe x16 :<\/strong> \u00c9s el que m\u00e9s dades pot transportar, ja que en t\u00e9 16 carrils<br><\/li>\n\n\n\n<li class=\"has-vivid-red-color has-text-color has-link-color wp-elements-dd923ea566bec0255764549d0215893c\"><strong>PCIe x1:<\/strong> \u00c9s el m\u00e9s petit i el que pot transportar solament 1 carril de dades<\/li>\n<\/ul>\n\n\n\n<ul class=\"wp-block-list has-vivid-red-color has-text-color has-link-color wp-elements-3abd667afb6571ecb277e8d652c0640d\">\n<li class=\"has-vivid-red-color has-text-color has-link-color wp-elements-8bff873a5f84b934042039e2ed0cec1d\"><strong>Chipset<\/strong>: Serveix per controlar la comunicaci\u00f3 entre els diferents components&nbsp;<\/li>\n<\/ul>\n\n\n\n<ul class=\"wp-block-list has-vivid-red-color has-text-color has-link-color wp-elements-b1eaa715a7f5cb05a7ae24b4fc29648a\">\n<li class=\"has-vivid-red-color has-text-color has-link-color wp-elements-ef4938d82b3d5b4ee959378de0a7eb73\"><strong>SATA<\/strong>: Serveix per connectar dispositius d\u2019emmagatzemant com discos durs<\/li>\n<\/ul>\n\n\n\n<ul class=\"wp-block-list has-vivid-red-color has-text-color has-link-color wp-elements-4154c7e17317686accf07df2033c1fe4\">\n<li class=\"has-vivid-red-color has-text-color has-link-color wp-elements-ca23700ee41170df4a5f47df5d8bebd7\"><strong>Audio<\/strong>: Serveix per reproduir i captar so<\/li>\n<\/ul>\n\n\n\n<ul class=\"wp-block-list has-vivid-red-color has-text-color has-link-color wp-elements-4706f9000b8bb9da2f0f937859f7bfd4\">\n<li class=\"has-vivid-red-color has-text-color has-link-color wp-elements-ff8c5fb263200e780af69b2476ca2c62\"><strong>Connector D\u2019alimentaci\u00f3:<\/strong> \u00c9s on l\u2019ordinador rep energia el\u00e8ctrica procedent de la font d\u2019alimentaci\u00f3<\/li>\n<\/ul>\n\n\n\n<ul class=\"wp-block-list has-vivid-red-color has-text-color has-link-color wp-elements-3ea1cc0e89ec99ed88b9889a5fa2843a\">\n<li class=\"has-vivid-red-color has-text-color has-link-color wp-elements-5dfe3e201c856077cfc0a20398ff499f\"><strong>Ranures DIMM:<\/strong> \u00c9s on posem la Mem\u00f2ria RAM<\/li>\n<\/ul>\n\n\n\n<ul class=\"wp-block-list has-vivid-red-color has-text-color has-link-color wp-elements-4661d32a7c88d43f0835c423c0025e3c\">\n<li class=\"has-vivid-red-color has-text-color has-link-color wp-elements-72f44ebbe59f80485f0e8f5393ca836e\"><strong>S\u00f3col CPU:<\/strong> \u00c9s el connector de la placa base on s&#8217;instal\u00b7la el processador<\/li>\n<\/ul>\n\n\n\n<ul class=\"wp-block-list has-vivid-red-color has-text-color has-link-color wp-elements-7905b77356c6bdc1cf8fdb8561d881f7\">\n<li class=\"has-vivid-red-color has-text-color has-link-color wp-elements-b81bc5aef0be30a26b8447b529c74a61\"><strong>USB<\/strong>: Serveix per connectar dispositius externs a l\u2019ordinador<\/li>\n<\/ul>\n\n\n\n<ul class=\"wp-block-list has-vivid-red-color has-text-color has-link-color wp-elements-1623ccc95622b698c4ff110623e5ccf7\">\n<li class=\"has-vivid-red-color has-text-color has-link-color wp-elements-cf79c0247547c967cb5c76fe63a589e6\"><strong>Ethernet<\/strong>: Serveix per connectar ordinadors i dispositius entre si per compartir dades a trav\u00e9s de cables.<\/li>\n<\/ul>\n\n\n\n<ul class=\"wp-block-list has-vivid-red-color has-text-color has-link-color wp-elements-039140aa3a99726d0375bda1f53cb1d6\">\n<li class=\"has-vivid-red-color has-text-color has-link-color wp-elements-18de89b891401715c21789915f8dc1dd\"><strong>Connector de ventilador: <\/strong>\u00c9s la presa de la placa base on s\u2019endolla el ventilador per a la refrigeraci\u00f3 del sistema.<\/li>\n<\/ul>\n\n\n\n<p class=\"has-vivid-red-color has-text-color has-link-color wp-elements-1093279157a736c2c4eefa5d3e66ae31\"><strong>Marca<\/strong>: Intel Pentium<\/p>\n\n\n\n<p class=\"has-vivid-red-color has-text-color has-link-color wp-elements-72a43676ce67e0ae481b8d5b49574318\"><strong>Model<\/strong>: G4400<\/p>\n\n\n\n<p class=\"has-vivid-red-color has-text-color has-link-color wp-elements-4a1fe198c36008d34e0d036b117ece6e\"><strong>Nom<\/strong>: CPU<\/p>\n\n\n\n<figure class=\"wp-block-image size-full\"><img decoding=\"async\" width=\"919\" height=\"689\" src=\"https:\/\/smanzanedo.inscastellbisbal.net\/wp-content\/uploads\/2025\/10\/Screenshot-2025-10-27-at-09-21-41-Inventari-Torre-8-Grup-7-Documents-de-Google.png\" alt=\"\" class=\"wp-image-633\" srcset=\"https:\/\/smanzanedo.inscastellbisbal.net\/wp-content\/uploads\/2025\/10\/Screenshot-2025-10-27-at-09-21-41-Inventari-Torre-8-Grup-7-Documents-de-Google.png 919w, https:\/\/smanzanedo.inscastellbisbal.net\/wp-content\/uploads\/2025\/10\/Screenshot-2025-10-27-at-09-21-41-Inventari-Torre-8-Grup-7-Documents-de-Google-300x225.png 300w, https:\/\/smanzanedo.inscastellbisbal.net\/wp-content\/uploads\/2025\/10\/Screenshot-2025-10-27-at-09-21-41-Inventari-Torre-8-Grup-7-Documents-de-Google-768x576.png 768w\" sizes=\"(max-width: 919px) 100vw, 919px\" \/><\/figure>\n\n\n\n<p class=\"has-vivid-red-color has-text-color has-link-color wp-elements-759d2cec024b49d3c4b2e86812a5c4d6\"><strong>Marca<\/strong>: HP<\/p>\n\n\n\n<p class=\"has-vivid-red-color has-text-color has-link-color wp-elements-e9a861ec30eee1a293b9c9b360a0f96a\"><strong>Model<\/strong>: EDKKB0AYZ9J0KL<\/p>\n\n\n\n<p class=\"has-vivid-red-color has-text-color has-link-color wp-elements-4e83892f3f5d342ec4db14b71d9827e9\"><strong>Nom<\/strong>: Dissipador<\/p>\n\n\n\n<figure class=\"wp-block-image size-full\"><img decoding=\"async\" width=\"934\" height=\"701\" src=\"https:\/\/smanzanedo.inscastellbisbal.net\/wp-content\/uploads\/2025\/10\/Screenshot-2025-10-27-at-09-22-30-Inventari-Torre-8-Grup-7-Documents-de-Google.png\" alt=\"\" class=\"wp-image-634\" srcset=\"https:\/\/smanzanedo.inscastellbisbal.net\/wp-content\/uploads\/2025\/10\/Screenshot-2025-10-27-at-09-22-30-Inventari-Torre-8-Grup-7-Documents-de-Google.png 934w, https:\/\/smanzanedo.inscastellbisbal.net\/wp-content\/uploads\/2025\/10\/Screenshot-2025-10-27-at-09-22-30-Inventari-Torre-8-Grup-7-Documents-de-Google-300x225.png 300w, https:\/\/smanzanedo.inscastellbisbal.net\/wp-content\/uploads\/2025\/10\/Screenshot-2025-10-27-at-09-22-30-Inventari-Torre-8-Grup-7-Documents-de-Google-768x576.png 768w\" sizes=\"(max-width: 934px) 100vw, 934px\" \/><\/figure>\n\n\n\n<p class=\"has-vivid-red-color has-text-color has-link-color wp-elements-759d2cec024b49d3c4b2e86812a5c4d6\"><strong>Marca<\/strong>: HP<\/p>\n\n\n\n<p class=\"has-vivid-red-color has-text-color has-link-color wp-elements-5a4bda74203bc56fa2e00d350d56499d\"><strong>Model<\/strong>: PC018<\/p>\n\n\n\n<p class=\"has-vivid-red-color has-text-color has-link-color wp-elements-a4116a727442c3b47e08dfd70b9dddfd\"><strong>Nom<\/strong>: Font d\u2019alimentaci\u00f3<\/p>\n\n\n\n<figure class=\"wp-block-image size-full\"><img loading=\"lazy\" decoding=\"async\" width=\"934\" height=\"701\" src=\"https:\/\/smanzanedo.inscastellbisbal.net\/wp-content\/uploads\/2025\/10\/Screenshot-2025-10-27-at-09-28-33-Inventari-Torre-8-Grup-7-Documents-de-Google.png\" alt=\"\" class=\"wp-image-636\" srcset=\"https:\/\/smanzanedo.inscastellbisbal.net\/wp-content\/uploads\/2025\/10\/Screenshot-2025-10-27-at-09-28-33-Inventari-Torre-8-Grup-7-Documents-de-Google.png 934w, https:\/\/smanzanedo.inscastellbisbal.net\/wp-content\/uploads\/2025\/10\/Screenshot-2025-10-27-at-09-28-33-Inventari-Torre-8-Grup-7-Documents-de-Google-300x225.png 300w, https:\/\/smanzanedo.inscastellbisbal.net\/wp-content\/uploads\/2025\/10\/Screenshot-2025-10-27-at-09-28-33-Inventari-Torre-8-Grup-7-Documents-de-Google-768x576.png 768w\" sizes=\"(max-width: 934px) 100vw, 934px\" \/><\/figure>\n\n\n\n<p class=\"has-vivid-red-color has-text-color has-link-color wp-elements-759d2cec024b49d3c4b2e86812a5c4d6\"><strong>Marca<\/strong>: HP<\/p>\n\n\n\n<p class=\"has-vivid-red-color has-text-color has-link-color wp-elements-93a47ea69da663c199c9a8d86f558291\"><strong>Model<\/strong>: SU-208<\/p>\n\n\n\n<p class=\"has-vivid-red-color has-text-color has-link-color wp-elements-b244b98e0fcb855c992b41ab4be25442\"><strong>Nom<\/strong>: Entrada DVD<\/p>\n\n\n\n<figure class=\"wp-block-image size-full\"><img loading=\"lazy\" decoding=\"async\" width=\"513\" height=\"395\" src=\"https:\/\/smanzanedo.inscastellbisbal.net\/wp-content\/uploads\/2025\/10\/Screenshot-2025-10-27-at-09-28-49-Inventari-Torre-8-Grup-7-Documents-de-Google-1.png\" alt=\"\" class=\"wp-image-645\" srcset=\"https:\/\/smanzanedo.inscastellbisbal.net\/wp-content\/uploads\/2025\/10\/Screenshot-2025-10-27-at-09-28-49-Inventari-Torre-8-Grup-7-Documents-de-Google-1.png 513w, https:\/\/smanzanedo.inscastellbisbal.net\/wp-content\/uploads\/2025\/10\/Screenshot-2025-10-27-at-09-28-49-Inventari-Torre-8-Grup-7-Documents-de-Google-1-300x231.png 300w\" sizes=\"(max-width: 513px) 100vw, 513px\" \/><\/figure>\n\n\n\n<p class=\"has-vivid-red-color has-text-color has-link-color wp-elements-ff5283e45ce0e2582a92860b96dd9110\"><strong>Marca<\/strong>: FOXCONN<\/p>\n\n\n\n<p class=\"has-vivid-red-color has-text-color has-link-color wp-elements-6128454e30131a7cc9bafe512df67510\"><strong>Model<\/strong>: PVA092G12M<\/p>\n\n\n\n<p class=\"has-vivid-red-color has-text-color has-link-color wp-elements-2413cb65aefe4600784ee119588054b7\"><strong>Nom<\/strong>: Ventilador<\/p>\n\n\n\n<figure class=\"wp-block-image size-full\"><img loading=\"lazy\" decoding=\"async\" width=\"934\" height=\"701\" src=\"https:\/\/smanzanedo.inscastellbisbal.net\/wp-content\/uploads\/2025\/10\/Screenshot-2025-10-27-at-11-20-58-Inventari-Torre-8-Grup-7-Documents-de-Google2.png\" alt=\"\" class=\"wp-image-649\" srcset=\"https:\/\/smanzanedo.inscastellbisbal.net\/wp-content\/uploads\/2025\/10\/Screenshot-2025-10-27-at-11-20-58-Inventari-Torre-8-Grup-7-Documents-de-Google2.png 934w, https:\/\/smanzanedo.inscastellbisbal.net\/wp-content\/uploads\/2025\/10\/Screenshot-2025-10-27-at-11-20-58-Inventari-Torre-8-Grup-7-Documents-de-Google2-300x225.png 300w, https:\/\/smanzanedo.inscastellbisbal.net\/wp-content\/uploads\/2025\/10\/Screenshot-2025-10-27-at-11-20-58-Inventari-Torre-8-Grup-7-Documents-de-Google2-768x576.png 768w\" sizes=\"(max-width: 934px) 100vw, 934px\" \/><\/figure>\n\n\n\n<p class=\"has-vivid-red-color has-text-color has-link-color wp-elements-aa6fa293145444731a68b6d531cc739e\">Nom: Cable d\u2019audio<\/p>\n\n\n\n<figure class=\"wp-block-image size-full is-style-default\"><img loading=\"lazy\" decoding=\"async\" width=\"931\" height=\"697\" src=\"https:\/\/smanzanedo.inscastellbisbal.net\/wp-content\/uploads\/2025\/10\/Screenshot-2025-10-27-at-09-29-13-Inventari-Torre-8-Grup-7-Documents-de-Google1.png\" alt=\"\" class=\"wp-image-650\" srcset=\"https:\/\/smanzanedo.inscastellbisbal.net\/wp-content\/uploads\/2025\/10\/Screenshot-2025-10-27-at-09-29-13-Inventari-Torre-8-Grup-7-Documents-de-Google1.png 931w, https:\/\/smanzanedo.inscastellbisbal.net\/wp-content\/uploads\/2025\/10\/Screenshot-2025-10-27-at-09-29-13-Inventari-Torre-8-Grup-7-Documents-de-Google1-300x225.png 300w, https:\/\/smanzanedo.inscastellbisbal.net\/wp-content\/uploads\/2025\/10\/Screenshot-2025-10-27-at-09-29-13-Inventari-Torre-8-Grup-7-Documents-de-Google1-768x575.png 768w\" sizes=\"(max-width: 931px) 100vw, 931px\" \/><\/figure>\n\n\n\n<p class=\"has-vivid-red-color has-text-color has-link-color wp-elements-f7cf7284460fdee5f39eac4109e6316a\"><strong>Nom<\/strong>: Cable USB<\/p>\n\n\n\n<figure class=\"wp-block-image size-full\"><img loading=\"lazy\" decoding=\"async\" width=\"467\" height=\"351\" src=\"https:\/\/smanzanedo.inscastellbisbal.net\/wp-content\/uploads\/2025\/10\/Screenshot-2025-10-29-at-08-29-18-Inventari-Torre-8-Grup-7-Documents-de-Google1.png\" alt=\"\" class=\"wp-image-651\" srcset=\"https:\/\/smanzanedo.inscastellbisbal.net\/wp-content\/uploads\/2025\/10\/Screenshot-2025-10-29-at-08-29-18-Inventari-Torre-8-Grup-7-Documents-de-Google1.png 467w, https:\/\/smanzanedo.inscastellbisbal.net\/wp-content\/uploads\/2025\/10\/Screenshot-2025-10-29-at-08-29-18-Inventari-Torre-8-Grup-7-Documents-de-Google1-300x225.png 300w\" sizes=\"(max-width: 467px) 100vw, 467px\" \/><\/figure>\n\n\n\n<p class=\"has-vivid-red-color has-text-color has-link-color wp-elements-8ab58553e220b44d0295d147920e50db\"><strong>Nom<\/strong>: Pasta Termica<\/p>\n\n\n\n<figure class=\"wp-block-image size-large\"><img loading=\"lazy\" decoding=\"async\" width=\"768\" height=\"1024\" src=\"https:\/\/smanzanedo.inscastellbisbal.net\/wp-content\/uploads\/2025\/10\/20251024_12081811-768x1024.jpg\" alt=\"\" class=\"wp-image-652\" srcset=\"https:\/\/smanzanedo.inscastellbisbal.net\/wp-content\/uploads\/2025\/10\/20251024_12081811-768x1024.jpg 768w, https:\/\/smanzanedo.inscastellbisbal.net\/wp-content\/uploads\/2025\/10\/20251024_12081811-225x300.jpg 225w, https:\/\/smanzanedo.inscastellbisbal.net\/wp-content\/uploads\/2025\/10\/20251024_12081811-1152x1536.jpg 1152w, https:\/\/smanzanedo.inscastellbisbal.net\/wp-content\/uploads\/2025\/10\/20251024_12081811-rotated.jpg 1377w\" sizes=\"(max-width: 768px) 100vw, 768px\" \/><\/figure>\n\n\n\n<p class=\"has-vivid-red-color has-text-color has-link-color wp-elements-8e9b689f9f4aabd96192c0e41d25a18c\"><strong>\u00bfCom posem la pasta t\u00e8rmica?<\/strong><\/p>\n\n\n\n<p class=\"has-vivid-red-color has-text-color has-link-color wp-elements-cc4748d356d329888818f44f5766db46\">Hem de tenir en compte que si posem molta no serveix de res incl\u00f2s podem fer que es sobreescalfi m\u00e9s la CPU.<\/p>\n\n\n\n<p class=\"has-vivid-red-color has-text-color has-link-color wp-elements-3d7be40835ae9787b388ae774b439da2\">La quantitat de pasta t\u00e8rmica \u00e9s important \u00e9s preferible posar menys quantitat que molta.<\/p>\n\n\n\n<p class=\"has-vivid-red-color has-text-color has-link-color wp-elements-4d89eb39bf5fa0dc1132c29d4d751bc6\">Hi ha moltes formes de col\u00b7locar la pasta t\u00e8rmica:<\/p>\n\n\n\n<ol class=\"wp-block-list\">\n<li class=\"has-vivid-red-color has-text-color has-link-color wp-elements-9efa0ad517127c6e18de429694f9c880\">Fiquem una gota i escampem manualment.&nbsp;<\/li>\n<\/ol>\n\n\n\n<p class=\"has-vivid-red-color has-text-color has-link-color wp-elements-9e082238ad0c628cbeb5a642df94f255\"><strong>Avantatges<\/strong>: Senzill i r\u00e0pid<\/p>\n\n\n\n<p class=\"has-vivid-red-color has-text-color has-link-color wp-elements-cb16a9b83015eaa6ad041d0a7f9011cc\"><strong>Desavantatges<\/strong>: Si la gota \u00e9s molt petita pot no cobrir tota la CPU, per\u00f2 si \u00e9s molt gran es pot anar per als costats.<\/p>\n\n\n\n<ol start=\"2\" class=\"wp-block-list\">\n<li class=\"has-vivid-red-color has-text-color has-link-color wp-elements-a28f604d9ea37d7e68ee8a779d04e293\">Posem dues l\u00ednies formant una X, podem escampar manualment o amb dissipador.<\/li>\n<\/ol>\n\n\n\n<p class=\"has-vivid-red-color has-text-color has-link-color wp-elements-c95853d3541eca358e1b6e3f6965c9e6\"><strong>Avantatges:<\/strong> Cobreix b\u00e9 quasi tota la CPU<\/p>\n\n\n\n<p class=\"has-vivid-red-color has-text-color has-link-color wp-elements-3265022183590b5d970520c4b12eb215\"><strong>Desavantatges<\/strong>: Pots utilitzar m\u00e9s quantitat de la necess\u00e0ria.<\/p>\n\n\n\n<ol start=\"3\" class=\"wp-block-list\">\n<li class=\"has-vivid-red-color has-text-color has-link-color wp-elements-70a439596f96e98376e3068a8e78c56c\">Col\u00b7loquem 4 o 5 punts petits al voltant de la CPU<\/li>\n<\/ol>\n\n\n\n<p class=\"has-vivid-red-color has-text-color has-link-color wp-elements-8e0a45cd72cc4f8fcdbf027a7b00c073\"><strong>Avantatges<\/strong>: No fa falta escampar manualment<\/p>\n\n\n\n<p class=\"has-vivid-red-color has-text-color has-link-color wp-elements-3265022183590b5d970520c4b12eb215\"><strong>Desavantatges<\/strong>: Pots utilitzar m\u00e9s quantitat de la necess\u00e0ria.<\/p>\n\n\n\n<p><\/p>\n","protected":false},"excerpt":{"rendered":"<p>Marca: HP Model: LGA1151 Nom: Placa Base Marca: Intel Pentium Model: G4400 Nom: CPU Marca: HP Model: EDKKB0AYZ9J0KL Nom: Dissipador Marca: HP Model: PC018 Nom: Font d\u2019alimentaci\u00f3 Marca: HP Model: SU-208 Nom: Entrada DVD Marca:&hellip;<\/p>\n","protected":false},"author":1,"featured_media":0,"parent":0,"menu_order":0,"comment_status":"closed","ping_status":"closed","template":"","meta":{"footnotes":""},"class_list":["post-607","page","type-page","status-publish","hentry"],"_links":{"self":[{"href":"https:\/\/smanzanedo.inscastellbisbal.net\/index.php\/wp-json\/wp\/v2\/pages\/607","targetHints":{"allow":["GET"]}}],"collection":[{"href":"https:\/\/smanzanedo.inscastellbisbal.net\/index.php\/wp-json\/wp\/v2\/pages"}],"about":[{"href":"https:\/\/smanzanedo.inscastellbisbal.net\/index.php\/wp-json\/wp\/v2\/types\/page"}],"author":[{"embeddable":true,"href":"https:\/\/smanzanedo.inscastellbisbal.net\/index.php\/wp-json\/wp\/v2\/users\/1"}],"replies":[{"embeddable":true,"href":"https:\/\/smanzanedo.inscastellbisbal.net\/index.php\/wp-json\/wp\/v2\/comments?post=607"}],"version-history":[{"count":8,"href":"https:\/\/smanzanedo.inscastellbisbal.net\/index.php\/wp-json\/wp\/v2\/pages\/607\/revisions"}],"predecessor-version":[{"id":653,"href":"https:\/\/smanzanedo.inscastellbisbal.net\/index.php\/wp-json\/wp\/v2\/pages\/607\/revisions\/653"}],"wp:attachment":[{"href":"https:\/\/smanzanedo.inscastellbisbal.net\/index.php\/wp-json\/wp\/v2\/media?parent=607"}],"curies":[{"name":"wp","href":"https:\/\/api.w.org\/{rel}","templated":true}]}}