{"id":677,"date":"2025-11-07T11:51:07","date_gmt":"2025-11-07T11:51:07","guid":{"rendered":"https:\/\/smanzanedo.inscastellbisbal.net\/?page_id=677"},"modified":"2025-11-07T12:48:30","modified_gmt":"2025-11-07T12:48:30","slug":"%f0%9f%93%9f-instal%c2%b7lacio-i-configuracio-de-software-necessari","status":"publish","type":"page","link":"https:\/\/smanzanedo.inscastellbisbal.net\/index.php\/%f0%9f%93%9f-instal%c2%b7lacio-i-configuracio-de-software-necessari\/","title":{"rendered":"\ud83d\udcdf\u200b Instal\u00b7laci\u00f3 i configuraci\u00f3 de software necessari"},"content":{"rendered":"\n<p>Per comen\u00e7ar, comprovarem si el sistema operatiu incorporat est\u00e0 en l&#8217;\u00faltima versi\u00f3  (Linux mint 22.2)<\/p>\n\n\n\n<p>Despr\u00e9s de posar aquest comandament et demana que posis la contrasenya, aquesta \u00e9s amb la que has iniciat sessi\u00f3.<\/p>\n\n\n\n<ul class=\"wp-block-list\">\n<li class=\"has-cyan-bluish-gray-background-color has-background\">sudo nano \/etc\/apt\/sources.list<\/li>\n<\/ul>\n\n\n\n<figure class=\"wp-block-image size-large\"><img decoding=\"async\" width=\"1024\" height=\"43\" src=\"https:\/\/smanzanedo.inscastellbisbal.net\/wp-content\/uploads\/2025\/11\/20251105_093646-1024x43.jpg\" alt=\"\" class=\"wp-image-692\" srcset=\"https:\/\/smanzanedo.inscastellbisbal.net\/wp-content\/uploads\/2025\/11\/20251105_093646-1024x43.jpg 1024w, https:\/\/smanzanedo.inscastellbisbal.net\/wp-content\/uploads\/2025\/11\/20251105_093646-300x13.jpg 300w, https:\/\/smanzanedo.inscastellbisbal.net\/wp-content\/uploads\/2025\/11\/20251105_093646-768x32.jpg 768w, https:\/\/smanzanedo.inscastellbisbal.net\/wp-content\/uploads\/2025\/11\/20251105_093646.jpg 1111w\" sizes=\"(max-width: 1024px) 100vw, 1024px\" \/><\/figure>\n\n\n\n<p>D&#8217;aquesta imatge hem de comprovar que aquest sistema operatiu estigui en la versi\u00f3 22.2.<\/p>\n\n\n\n<figure class=\"wp-block-image size-large is-resized\"><img fetchpriority=\"high\" decoding=\"async\" width=\"1024\" height=\"178\" src=\"https:\/\/smanzanedo.inscastellbisbal.net\/wp-content\/uploads\/2025\/11\/20251105_094000-1024x178.jpg\" alt=\"\" class=\"wp-image-695\" style=\"width:594px;height:auto\" srcset=\"https:\/\/smanzanedo.inscastellbisbal.net\/wp-content\/uploads\/2025\/11\/20251105_094000-1024x178.jpg 1024w, https:\/\/smanzanedo.inscastellbisbal.net\/wp-content\/uploads\/2025\/11\/20251105_094000-300x52.jpg 300w, https:\/\/smanzanedo.inscastellbisbal.net\/wp-content\/uploads\/2025\/11\/20251105_094000-768x134.jpg 768w, https:\/\/smanzanedo.inscastellbisbal.net\/wp-content\/uploads\/2025\/11\/20251105_094000.jpg 1200w\" sizes=\"(max-width: 1024px) 100vw, 1024px\" \/><\/figure>\n\n\n\n<p>Una vegada comprovat, posarem aquesta comanda que actualitzar\u00e0 tots els paquets disponibles. <\/p>\n\n\n\n<p>(IMPORTANT solament actualitza la llista LOCAL disponible)<\/p>\n\n\n\n<ul class=\"wp-block-list\">\n<li class=\"has-cyan-bluish-gray-background-color has-background\">sudo apt update<\/li>\n<\/ul>\n\n\n\n<figure class=\"wp-block-image size-full is-resized\"><img decoding=\"async\" width=\"696\" height=\"41\" src=\"https:\/\/smanzanedo.inscastellbisbal.net\/wp-content\/uploads\/2025\/11\/20251105_094221.jpg\" alt=\"\" class=\"wp-image-696\" style=\"width:719px;height:auto\" srcset=\"https:\/\/smanzanedo.inscastellbisbal.net\/wp-content\/uploads\/2025\/11\/20251105_094221.jpg 696w, https:\/\/smanzanedo.inscastellbisbal.net\/wp-content\/uploads\/2025\/11\/20251105_094221-300x18.jpg 300w\" sizes=\"(max-width: 696px) 100vw, 696px\" \/><\/figure>\n\n\n\n<p>Aix\u00f2 hauria de sortir en posar el comandament.<\/p>\n\n\n\n<figure class=\"wp-block-image size-full\"><img loading=\"lazy\" decoding=\"async\" width=\"1016\" height=\"481\" src=\"https:\/\/smanzanedo.inscastellbisbal.net\/wp-content\/uploads\/2025\/11\/20251105_094238-1.jpg\" alt=\"\" class=\"wp-image-697\" srcset=\"https:\/\/smanzanedo.inscastellbisbal.net\/wp-content\/uploads\/2025\/11\/20251105_094238-1.jpg 1016w, https:\/\/smanzanedo.inscastellbisbal.net\/wp-content\/uploads\/2025\/11\/20251105_094238-1-300x142.jpg 300w, https:\/\/smanzanedo.inscastellbisbal.net\/wp-content\/uploads\/2025\/11\/20251105_094238-1-768x364.jpg 768w\" sizes=\"(max-width: 1016px) 100vw, 1016px\" \/><\/figure>\n\n\n\n<p>Una vegada ja actualitzat els paquets utilitzarem la seg\u00fcent comanda.<\/p>\n\n\n\n<p>Aquest comandament fa una  visitada dels aquest que falten per actualitzar despr\u00e9s de posar l&#8217;anterior comanda.<\/p>\n\n\n\n<ul class=\"wp-block-list\">\n<li class=\"has-cyan-bluish-gray-background-color has-background has-small-font-size\">sudo apt list &#8211;upgradable<\/li>\n<\/ul>\n\n\n\n<figure class=\"wp-block-gallery has-nested-images columns-default is-cropped wp-block-gallery-1 is-layout-flex wp-block-gallery-is-layout-flex\">\n<figure class=\"wp-block-image size-large\"><img loading=\"lazy\" decoding=\"async\" width=\"1024\" height=\"188\" data-id=\"682\" src=\"https:\/\/smanzanedo.inscastellbisbal.net\/wp-content\/uploads\/2025\/11\/20251105_094754-1024x188.jpeg\" alt=\"\" class=\"wp-image-682\" srcset=\"https:\/\/smanzanedo.inscastellbisbal.net\/wp-content\/uploads\/2025\/11\/20251105_094754-1024x188.jpeg 1024w, https:\/\/smanzanedo.inscastellbisbal.net\/wp-content\/uploads\/2025\/11\/20251105_094754-300x55.jpeg 300w, https:\/\/smanzanedo.inscastellbisbal.net\/wp-content\/uploads\/2025\/11\/20251105_094754-768x141.jpeg 768w, https:\/\/smanzanedo.inscastellbisbal.net\/wp-content\/uploads\/2025\/11\/20251105_094754-1536x282.jpeg 1536w, https:\/\/smanzanedo.inscastellbisbal.net\/wp-content\/uploads\/2025\/11\/20251105_094754.jpeg 1600w\" sizes=\"(max-width: 1024px) 100vw, 1024px\" \/><\/figure>\n<\/figure>\n\n\n\n<p>Per acabar d&#8217;utilitzar el terminal farem servir l&#8217;\u00faltima comanda <\/p>\n\n\n\n<p>Aquesta comanda serveix per actualitzar tot el sistema i eliminant paquets innecessaris <\/p>\n\n\n\n<ul class=\"wp-block-list\">\n<li class=\"has-cyan-bluish-gray-background-color has-background\">sudo apt full-upgrade -y<\/li>\n<\/ul>\n\n\n\n<figure class=\"wp-block-image size-large\"><img loading=\"lazy\" decoding=\"async\" width=\"1024\" height=\"179\" src=\"https:\/\/smanzanedo.inscastellbisbal.net\/wp-content\/uploads\/2025\/11\/20251105_094339-1024x179.jpeg\" alt=\"\" class=\"wp-image-691\" srcset=\"https:\/\/smanzanedo.inscastellbisbal.net\/wp-content\/uploads\/2025\/11\/20251105_094339-1024x179.jpeg 1024w, https:\/\/smanzanedo.inscastellbisbal.net\/wp-content\/uploads\/2025\/11\/20251105_094339-300x53.jpeg 300w, https:\/\/smanzanedo.inscastellbisbal.net\/wp-content\/uploads\/2025\/11\/20251105_094339-768x134.jpeg 768w, https:\/\/smanzanedo.inscastellbisbal.net\/wp-content\/uploads\/2025\/11\/20251105_094339-1536x269.jpeg 1536w, https:\/\/smanzanedo.inscastellbisbal.net\/wp-content\/uploads\/2025\/11\/20251105_094339.jpeg 1600w\" sizes=\"(max-width: 1024px) 100vw, 1024px\" \/><\/figure>\n\n\n\n<p>Aix\u00f2 hauria de sortir si est\u00e0 ven posat.<\/p>\n\n\n\n<figure class=\"wp-block-image size-large\"><img loading=\"lazy\" decoding=\"async\" width=\"1024\" height=\"702\" src=\"https:\/\/smanzanedo.inscastellbisbal.net\/wp-content\/uploads\/2025\/11\/20251105_094448-1024x702.jpg\" alt=\"\" class=\"wp-image-701\" srcset=\"https:\/\/smanzanedo.inscastellbisbal.net\/wp-content\/uploads\/2025\/11\/20251105_094448-1024x702.jpg 1024w, https:\/\/smanzanedo.inscastellbisbal.net\/wp-content\/uploads\/2025\/11\/20251105_094448-300x206.jpg 300w, https:\/\/smanzanedo.inscastellbisbal.net\/wp-content\/uploads\/2025\/11\/20251105_094448-768x527.jpg 768w, https:\/\/smanzanedo.inscastellbisbal.net\/wp-content\/uploads\/2025\/11\/20251105_094448.jpg 1200w\" sizes=\"(max-width: 1024px) 100vw, 1024px\" \/><\/figure>\n\n\n\n<p>Ara instal\u00b7larem aplicacions necess\u00e0ries segons el nostre criteri.<\/p>\n\n\n\n<p>El primer programa ser\u00e1 VLC media player, perqu\u00e9 es una forma sencilla de veure videos o tutorials de manera r\u00e1pida i f\u00e1cil.<\/p>\n\n\n\n<p>Pens\u00f3 que es podria utilitzar bastant.<\/p>\n\n\n\n<div class=\"wp-block-group is-nowrap is-layout-flex wp-container-core-group-is-layout-ad2f72ca wp-block-group-is-layout-flex\">\n<figure class=\"wp-block-gallery has-nested-images columns-default is-cropped wp-block-gallery-2 is-layout-flex wp-block-gallery-is-layout-flex\">\n<figure class=\"wp-block-image size-large\"><img loading=\"lazy\" decoding=\"async\" width=\"768\" height=\"1024\" data-id=\"686\" src=\"https:\/\/smanzanedo.inscastellbisbal.net\/wp-content\/uploads\/2025\/11\/20251105_110549-768x1024.jpeg\" alt=\"\" class=\"wp-image-686\" srcset=\"https:\/\/smanzanedo.inscastellbisbal.net\/wp-content\/uploads\/2025\/11\/20251105_110549-768x1024.jpeg 768w, https:\/\/smanzanedo.inscastellbisbal.net\/wp-content\/uploads\/2025\/11\/20251105_110549-225x300.jpeg 225w, https:\/\/smanzanedo.inscastellbisbal.net\/wp-content\/uploads\/2025\/11\/20251105_110549-1152x1536.jpeg 1152w, https:\/\/smanzanedo.inscastellbisbal.net\/wp-content\/uploads\/2025\/11\/20251105_110549.jpeg 1200w\" sizes=\"(max-width: 768px) 100vw, 768px\" \/><\/figure>\n<\/figure>\n<\/div>\n\n\n\n<p>Per ultim programa  Visual Studio Code.<\/p>\n\n\n\n<p>Aquest programa permet executa, edita i escriure codis de manera eficient.<\/p>\n\n\n\n<p>Aquesta eina es podria utilitzar bastant sobretot per a estudiants d&#8217;inform\u00e0tica.<\/p>\n\n\n\n<figure class=\"wp-block-image size-large\"><img loading=\"lazy\" decoding=\"async\" width=\"768\" height=\"1024\" src=\"https:\/\/smanzanedo.inscastellbisbal.net\/wp-content\/uploads\/2025\/11\/20251105_110604-768x1024.jpeg\" alt=\"\" class=\"wp-image-685\" srcset=\"https:\/\/smanzanedo.inscastellbisbal.net\/wp-content\/uploads\/2025\/11\/20251105_110604-768x1024.jpeg 768w, https:\/\/smanzanedo.inscastellbisbal.net\/wp-content\/uploads\/2025\/11\/20251105_110604-225x300.jpeg 225w, https:\/\/smanzanedo.inscastellbisbal.net\/wp-content\/uploads\/2025\/11\/20251105_110604-1152x1536.jpeg 1152w, https:\/\/smanzanedo.inscastellbisbal.net\/wp-content\/uploads\/2025\/11\/20251105_110604.jpeg 1200w\" sizes=\"(max-width: 768px) 100vw, 768px\" \/><\/figure>\n","protected":false},"excerpt":{"rendered":"<p>Per comen\u00e7ar, comprovarem si el sistema operatiu incorporat est\u00e0 en l&#8217;\u00faltima versi\u00f3 (Linux mint 22.2) Despr\u00e9s de posar aquest comandament et demana que posis la contrasenya, aquesta \u00e9s amb la que has iniciat sessi\u00f3. D&#8217;aquesta&hellip;<\/p>\n","protected":false},"author":1,"featured_media":0,"parent":0,"menu_order":0,"comment_status":"closed","ping_status":"closed","template":"","meta":{"footnotes":""},"class_list":["post-677","page","type-page","status-publish","hentry"],"_links":{"self":[{"href":"https:\/\/smanzanedo.inscastellbisbal.net\/index.php\/wp-json\/wp\/v2\/pages\/677","targetHints":{"allow":["GET"]}}],"collection":[{"href":"https:\/\/smanzanedo.inscastellbisbal.net\/index.php\/wp-json\/wp\/v2\/pages"}],"about":[{"href":"https:\/\/smanzanedo.inscastellbisbal.net\/index.php\/wp-json\/wp\/v2\/types\/page"}],"author":[{"embeddable":true,"href":"https:\/\/smanzanedo.inscastellbisbal.net\/index.php\/wp-json\/wp\/v2\/users\/1"}],"replies":[{"embeddable":true,"href":"https:\/\/smanzanedo.inscastellbisbal.net\/index.php\/wp-json\/wp\/v2\/comments?post=677"}],"version-history":[{"count":7,"href":"https:\/\/smanzanedo.inscastellbisbal.net\/index.php\/wp-json\/wp\/v2\/pages\/677\/revisions"}],"predecessor-version":[{"id":703,"href":"https:\/\/smanzanedo.inscastellbisbal.net\/index.php\/wp-json\/wp\/v2\/pages\/677\/revisions\/703"}],"wp:attachment":[{"href":"https:\/\/smanzanedo.inscastellbisbal.net\/index.php\/wp-json\/wp\/v2\/media?parent=677"}],"curies":[{"name":"wp","href":"https:\/\/api.w.org\/{rel}","templated":true}]}}