{"id":705,"date":"2025-12-10T12:58:30","date_gmt":"2025-12-10T12:58:30","guid":{"rendered":"https:\/\/smanzanedo.inscastellbisbal.net\/?page_id=705"},"modified":"2025-12-10T13:15:58","modified_gmt":"2025-12-10T13:15:58","slug":"creacio-de-proves-linguistiques","status":"publish","type":"page","link":"https:\/\/smanzanedo.inscastellbisbal.net\/index.php\/creacio-de-proves-linguistiques\/","title":{"rendered":"Creaci\u00f3 de proves ling\u00fcistiques"},"content":{"rendered":"\n<p><\/p>\n\n\n\n<p><\/p>\n\n\n\n<p>Comen\u00e7arem anant a una IA com gemini, per crear preguntes relacionades amb la lleng\u00fca. <\/p>\n\n\n\n<p class=\"has-black-color has-text-color has-link-color wp-elements-9ac00cf961d1ea846fe5a532228b76c6\"><\/p>\n\n\n\n<p class=\"has-black-color has-text-color has-link-color wp-elements-bde4eb86812bb3d4c080f8cb0467a928\">Tenen que ser: <\/p>\n\n\n\n<p class=\"has-black-color has-text-color has-link-color wp-elements-a4f451db13678f28fda690561a7d6ab2\">Clares i comprensibles.<br>Amb respostes coherents i correctes.<br>Varietat de formats: opcions m\u00faltiples, vertader\/fals, resposta curta.<\/p>\n\n\n\n<p><\/p>\n\n\n\n<p>Exporta les preguntes al format GIFT per importar-les correctament a Moodle<\/p>\n\n\n\n<p><\/p>\n\n\n\n<p>Aquestos son els pasos a seguir: <\/p>\n\n\n\n<p>anem a els &#8220;els meus cursos&#8221;<\/p>\n\n\n\n<figure class=\"wp-block-image size-full\"><img fetchpriority=\"high\" decoding=\"async\" width=\"1024\" height=\"584\" src=\"https:\/\/smanzanedo.inscastellbisbal.net\/wp-content\/uploads\/2025\/12\/image.png\" alt=\"\" class=\"wp-image-709\" srcset=\"https:\/\/smanzanedo.inscastellbisbal.net\/wp-content\/uploads\/2025\/12\/image.png 1024w, https:\/\/smanzanedo.inscastellbisbal.net\/wp-content\/uploads\/2025\/12\/image-300x171.png 300w, https:\/\/smanzanedo.inscastellbisbal.net\/wp-content\/uploads\/2025\/12\/image-768x438.png 768w\" sizes=\"(max-width: 1024px) 100vw, 1024px\" \/><\/figure>\n\n\n\n<p>Dins del curs, he seleccionat el bot\u00f3 <strong>+<\/strong> per afegir una prova nova<\/p>\n\n\n\n<figure class=\"wp-block-image size-full\"><img decoding=\"async\" width=\"1024\" height=\"502\" src=\"https:\/\/smanzanedo.inscastellbisbal.net\/wp-content\/uploads\/2025\/12\/image-1.png\" alt=\"\" class=\"wp-image-710\" srcset=\"https:\/\/smanzanedo.inscastellbisbal.net\/wp-content\/uploads\/2025\/12\/image-1.png 1024w, https:\/\/smanzanedo.inscastellbisbal.net\/wp-content\/uploads\/2025\/12\/image-1-300x147.png 300w, https:\/\/smanzanedo.inscastellbisbal.net\/wp-content\/uploads\/2025\/12\/image-1-768x377.png 768w\" sizes=\"(max-width: 1024px) 100vw, 1024px\" \/><\/figure>\n\n\n\n<p>Un cop hi he accedit, he seleccionat l\u2019opci\u00f3 Q\u00fcestionari<\/p>\n\n\n\n<figure class=\"wp-block-image size-full\"><img decoding=\"async\" width=\"666\" height=\"665\" src=\"https:\/\/smanzanedo.inscastellbisbal.net\/wp-content\/uploads\/2025\/12\/image-2.png\" alt=\"\" class=\"wp-image-711\" srcset=\"https:\/\/smanzanedo.inscastellbisbal.net\/wp-content\/uploads\/2025\/12\/image-2.png 666w, https:\/\/smanzanedo.inscastellbisbal.net\/wp-content\/uploads\/2025\/12\/image-2-300x300.png 300w, https:\/\/smanzanedo.inscastellbisbal.net\/wp-content\/uploads\/2025\/12\/image-2-150x150.png 150w, https:\/\/smanzanedo.inscastellbisbal.net\/wp-content\/uploads\/2025\/12\/image-2-600x600.png 600w\" sizes=\"(max-width: 666px) 100vw, 666px\" \/><\/figure>\n\n\n\n<p>A continuaci\u00f3n,el primer que cal fer \u00e9s definir el nom de la prova i afegir-ne una descripci\u00f3<\/p>\n\n\n\n<figure class=\"wp-block-image size-full\"><img loading=\"lazy\" decoding=\"async\" width=\"1024\" height=\"704\" src=\"https:\/\/smanzanedo.inscastellbisbal.net\/wp-content\/uploads\/2025\/12\/image-3.png\" alt=\"\" class=\"wp-image-712\" srcset=\"https:\/\/smanzanedo.inscastellbisbal.net\/wp-content\/uploads\/2025\/12\/image-3.png 1024w, https:\/\/smanzanedo.inscastellbisbal.net\/wp-content\/uploads\/2025\/12\/image-3-300x206.png 300w, https:\/\/smanzanedo.inscastellbisbal.net\/wp-content\/uploads\/2025\/12\/image-3-768x528.png 768w\" sizes=\"(max-width: 1024px) 100vw, 1024px\" \/><\/figure>\n\n\n\n<p>Ara cal procedir a incloure les preguntes dins de la prova<\/p>\n\n\n\n<figure class=\"wp-block-image size-full\"><img loading=\"lazy\" decoding=\"async\" width=\"1024\" height=\"577\" src=\"https:\/\/smanzanedo.inscastellbisbal.net\/wp-content\/uploads\/2025\/12\/image-4.png\" alt=\"\" class=\"wp-image-713\" srcset=\"https:\/\/smanzanedo.inscastellbisbal.net\/wp-content\/uploads\/2025\/12\/image-4.png 1024w, https:\/\/smanzanedo.inscastellbisbal.net\/wp-content\/uploads\/2025\/12\/image-4-300x169.png 300w, https:\/\/smanzanedo.inscastellbisbal.net\/wp-content\/uploads\/2025\/12\/image-4-768x433.png 768w, https:\/\/smanzanedo.inscastellbisbal.net\/wp-content\/uploads\/2025\/12\/image-4-800x450.png 800w\" sizes=\"(max-width: 1024px) 100vw, 1024px\" \/><\/figure>\n\n\n\n<p>He escollit l\u2019opci\u00f3 \u201cOpci\u00f3 m\u00faltiple\u201d<\/p>\n\n\n\n<figure class=\"wp-block-image size-full\"><img loading=\"lazy\" decoding=\"async\" width=\"612\" height=\"680\" src=\"https:\/\/smanzanedo.inscastellbisbal.net\/wp-content\/uploads\/2025\/12\/image-5.png\" alt=\"\" class=\"wp-image-714\" srcset=\"https:\/\/smanzanedo.inscastellbisbal.net\/wp-content\/uploads\/2025\/12\/image-5.png 612w, https:\/\/smanzanedo.inscastellbisbal.net\/wp-content\/uploads\/2025\/12\/image-5-270x300.png 270w\" sizes=\"(max-width: 612px) 100vw, 612px\" \/><\/figure>\n\n\n\n<p>En aquest apartat caldr\u00e0 redactar la pregunta i proporcionar les possibles respostes<\/p>\n\n\n\n<figure class=\"wp-block-image size-full\"><img loading=\"lazy\" decoding=\"async\" width=\"1024\" height=\"575\" src=\"https:\/\/smanzanedo.inscastellbisbal.net\/wp-content\/uploads\/2025\/12\/image-6.png\" alt=\"\" class=\"wp-image-715\" srcset=\"https:\/\/smanzanedo.inscastellbisbal.net\/wp-content\/uploads\/2025\/12\/image-6.png 1024w, https:\/\/smanzanedo.inscastellbisbal.net\/wp-content\/uploads\/2025\/12\/image-6-300x168.png 300w, https:\/\/smanzanedo.inscastellbisbal.net\/wp-content\/uploads\/2025\/12\/image-6-768x431.png 768w, https:\/\/smanzanedo.inscastellbisbal.net\/wp-content\/uploads\/2025\/12\/image-6-800x450.png 800w\" sizes=\"(max-width: 1024px) 100vw, 1024px\" \/><\/figure>\n\n\n\n<figure class=\"wp-block-image size-full\"><img loading=\"lazy\" decoding=\"async\" width=\"1024\" height=\"550\" src=\"https:\/\/smanzanedo.inscastellbisbal.net\/wp-content\/uploads\/2025\/12\/image-8.png\" alt=\"\" class=\"wp-image-717\" srcset=\"https:\/\/smanzanedo.inscastellbisbal.net\/wp-content\/uploads\/2025\/12\/image-8.png 1024w, https:\/\/smanzanedo.inscastellbisbal.net\/wp-content\/uploads\/2025\/12\/image-8-300x161.png 300w, https:\/\/smanzanedo.inscastellbisbal.net\/wp-content\/uploads\/2025\/12\/image-8-768x413.png 768w\" sizes=\"(max-width: 1024px) 100vw, 1024px\" \/><\/figure>\n\n\n\n<p>Despr\u00e9s de completar la redacci\u00f3 de les preguntes, les he desat. A continuaci\u00f3, es mostra un exemple de com es presentaria<\/p>\n\n\n\n<figure class=\"wp-block-image size-full\"><img loading=\"lazy\" decoding=\"async\" width=\"1024\" height=\"578\" src=\"https:\/\/smanzanedo.inscastellbisbal.net\/wp-content\/uploads\/2025\/12\/image-9.png\" alt=\"\" class=\"wp-image-718\" srcset=\"https:\/\/smanzanedo.inscastellbisbal.net\/wp-content\/uploads\/2025\/12\/image-9.png 1024w, https:\/\/smanzanedo.inscastellbisbal.net\/wp-content\/uploads\/2025\/12\/image-9-300x169.png 300w, https:\/\/smanzanedo.inscastellbisbal.net\/wp-content\/uploads\/2025\/12\/image-9-768x434.png 768w\" sizes=\"(max-width: 1024px) 100vw, 1024px\" \/><\/figure>\n","protected":false},"excerpt":{"rendered":"<p>Comen\u00e7arem anant a una IA com gemini, per crear preguntes relacionades amb la lleng\u00fca. Tenen que ser: Clares i comprensibles.Amb respostes coherents i correctes.Varietat de formats: opcions m\u00faltiples, vertader\/fals, resposta curta. Exporta les preguntes al&hellip;<\/p>\n","protected":false},"author":1,"featured_media":0,"parent":0,"menu_order":0,"comment_status":"closed","ping_status":"closed","template":"","meta":{"footnotes":""},"class_list":["post-705","page","type-page","status-publish","hentry"],"_links":{"self":[{"href":"https:\/\/smanzanedo.inscastellbisbal.net\/index.php\/wp-json\/wp\/v2\/pages\/705","targetHints":{"allow":["GET"]}}],"collection":[{"href":"https:\/\/smanzanedo.inscastellbisbal.net\/index.php\/wp-json\/wp\/v2\/pages"}],"about":[{"href":"https:\/\/smanzanedo.inscastellbisbal.net\/index.php\/wp-json\/wp\/v2\/types\/page"}],"author":[{"embeddable":true,"href":"https:\/\/smanzanedo.inscastellbisbal.net\/index.php\/wp-json\/wp\/v2\/users\/1"}],"replies":[{"embeddable":true,"href":"https:\/\/smanzanedo.inscastellbisbal.net\/index.php\/wp-json\/wp\/v2\/comments?post=705"}],"version-history":[{"count":3,"href":"https:\/\/smanzanedo.inscastellbisbal.net\/index.php\/wp-json\/wp\/v2\/pages\/705\/revisions"}],"predecessor-version":[{"id":719,"href":"https:\/\/smanzanedo.inscastellbisbal.net\/index.php\/wp-json\/wp\/v2\/pages\/705\/revisions\/719"}],"wp:attachment":[{"href":"https:\/\/smanzanedo.inscastellbisbal.net\/index.php\/wp-json\/wp\/v2\/media?parent=705"}],"curies":[{"name":"wp","href":"https:\/\/api.w.org\/{rel}","templated":true}]}}