{"id":765,"date":"2025-12-11T10:41:55","date_gmt":"2025-12-11T10:41:55","guid":{"rendered":"https:\/\/smanzanedo.inscastellbisbal.net\/?page_id=765"},"modified":"2025-12-11T10:42:15","modified_gmt":"2025-12-11T10:42:15","slug":"llistat-dels-epis-necessaris-en-el-teu-sector","status":"publish","type":"page","link":"https:\/\/smanzanedo.inscastellbisbal.net\/index.php\/llistat-dels-epis-necessaris-en-el-teu-sector\/","title":{"rendered":"Llistat dels EPIs necessaris en el teu sector"},"content":{"rendered":"\n<h2 class=\"wp-block-heading\"><strong>Institut Castellbisbal<\/strong><\/h2>\n\n\n\n<h3 class=\"wp-block-heading\"><strong>Cicle Formatiu de Grau Mitj\u00e0 en Sistemes Microinform\u00e0tics i Xarxes (SMX)<\/strong><\/h3>\n\n\n\n<h3 class=\"wp-block-heading\"><strong>M\u00f2dul: Prevenci\u00f3 de Riscos Laborals<\/strong><\/h3>\n\n\n\n<h3 class=\"wp-block-heading\"><strong>T\u00edtol de l\u2019informe: Llistat dels EPIs necessaris en el teu sector<\/strong><\/h3>\n\n\n\n<h3 class=\"wp-block-heading\"><strong>Data:&nbsp;<\/strong><strong><em>23\/10\/25<\/em><\/strong><\/h3>\n\n\n\n<h3 class=\"wp-block-heading\"><strong>Introducci\u00f3<\/strong><\/h3>\n\n\n\n<p>Tot i que al sector inform\u00e0tic no hi ha molts EPIs necessaris com en altres sectors industrials, per\u00f2 s\u00ed que hi ha una llista d\u2019EPIs per a garantir la seguretat del treballador.<\/p>\n\n\n\n<p><strong>Polsera antielectrost\u00e0tica<\/strong><\/p>\n\n\n\n<p>S\u2019utilitzen per a evitar desc\u00e0rregues electroest\u00e0tiques quan es manipulen objectes el\u00e8ctrics<\/p>\n\n\n\n<p><strong>Guants antielectrost\u00e0tics<\/strong><\/p>\n\n\n\n<p>Protegeixen les mans del t\u00e8cnic i eviten transfer\u00e8ncies el\u00e8ctriques als equips, tamb\u00e9 protegeixen de talls i ferides.<\/p>\n\n\n\n<p><strong>Ulleres de protecci\u00f3<\/strong><\/p>\n\n\n\n<p>S\u00f3n necess\u00e0ries en tasques com soldar, tallar o netejar amb productes qu\u00edmics per a protegir als ulls de possibles esquitxades o part\u00edcules.&nbsp;<\/p>\n\n\n\n<p><strong>Cal\u00e7at de seguretat<\/strong><\/p>\n\n\n\n<p>Encara que no \u00e9s obligatori pot ser molt en entorns molt cablejats i amb m\u00e0quines pesants, aix\u00ed evitem lesions en cas de caiguda d\u2019objectes.<\/p>\n\n\n\n<p><strong>Roba de treball adequada<\/strong><\/p>\n\n\n\n<p>Vestimenta c\u00f2moda, preferiblement electroest\u00e0tica i sense coses met\u00e0l\u00b7liques per evitar curtcircuits.<\/p>\n","protected":false},"excerpt":{"rendered":"<p>Institut Castellbisbal Cicle Formatiu de Grau Mitj\u00e0 en Sistemes Microinform\u00e0tics i Xarxes (SMX) M\u00f2dul: Prevenci\u00f3 de Riscos Laborals T\u00edtol de l\u2019informe: Llistat dels EPIs necessaris en el teu sector Data:&nbsp;23\/10\/25 Introducci\u00f3 Tot i que al&hellip;<\/p>\n","protected":false},"author":1,"featured_media":0,"parent":0,"menu_order":0,"comment_status":"closed","ping_status":"closed","template":"","meta":{"footnotes":""},"class_list":["post-765","page","type-page","status-publish","hentry"],"_links":{"self":[{"href":"https:\/\/smanzanedo.inscastellbisbal.net\/index.php\/wp-json\/wp\/v2\/pages\/765","targetHints":{"allow":["GET"]}}],"collection":[{"href":"https:\/\/smanzanedo.inscastellbisbal.net\/index.php\/wp-json\/wp\/v2\/pages"}],"about":[{"href":"https:\/\/smanzanedo.inscastellbisbal.net\/index.php\/wp-json\/wp\/v2\/types\/page"}],"author":[{"embeddable":true,"href":"https:\/\/smanzanedo.inscastellbisbal.net\/index.php\/wp-json\/wp\/v2\/users\/1"}],"replies":[{"embeddable":true,"href":"https:\/\/smanzanedo.inscastellbisbal.net\/index.php\/wp-json\/wp\/v2\/comments?post=765"}],"version-history":[{"count":2,"href":"https:\/\/smanzanedo.inscastellbisbal.net\/index.php\/wp-json\/wp\/v2\/pages\/765\/revisions"}],"predecessor-version":[{"id":767,"href":"https:\/\/smanzanedo.inscastellbisbal.net\/index.php\/wp-json\/wp\/v2\/pages\/765\/revisions\/767"}],"wp:attachment":[{"href":"https:\/\/smanzanedo.inscastellbisbal.net\/index.php\/wp-json\/wp\/v2\/media?parent=765"}],"curies":[{"name":"wp","href":"https:\/\/api.w.org\/{rel}","templated":true}]}}