{"id":849,"date":"2025-12-11T11:48:51","date_gmt":"2025-12-11T11:48:51","guid":{"rendered":"https:\/\/smanzanedo.inscastellbisbal.net\/?page_id=849"},"modified":"2025-12-11T11:48:51","modified_gmt":"2025-12-11T11:48:51","slug":"reflexio-de-limpacte-mediambiental-del-mal-us-de-la-ia","status":"publish","type":"page","link":"https:\/\/smanzanedo.inscastellbisbal.net\/index.php\/reflexio-de-limpacte-mediambiental-del-mal-us-de-la-ia\/","title":{"rendered":"Reflexi\u00f3 de l\u2019impacte mediambiental del mal \u00fas de la IA"},"content":{"rendered":"\n<figure class=\"wp-block-embed is-type-wp-embed is-provider-luca-fontanet wp-block-embed-luca-fontanet\"><div class=\"wp-block-embed__wrapper\">\n<blockquote class=\"wp-embedded-content\" data-secret=\"Hm13Yf3jVi\"><a href=\"https:\/\/lfontanet.inscastellbisbal.net\/repte-1-2\/sostenibilitat\/optimitzacio-del-consum-energetic-de-les-maquines\/\">Optimitzaci\u00f3 del consum energ\u00e8tic de les m\u00e0quines<\/a><\/blockquote><iframe class=\"wp-embedded-content\" sandbox=\"allow-scripts\" security=\"restricted\" style=\"position: absolute; visibility: hidden;\" title=\"&#8220;Optimitzaci\u00f3 del consum energ\u00e8tic de les m\u00e0quines&#8221; &#8212; Luca Fontanet\" src=\"https:\/\/lfontanet.inscastellbisbal.net\/repte-1-2\/sostenibilitat\/optimitzacio-del-consum-energetic-de-les-maquines\/embed\/#?secret=luyfHsL2iO#?secret=Hm13Yf3jVi\" data-secret=\"Hm13Yf3jVi\" width=\"600\" height=\"338\" frameborder=\"0\" marginwidth=\"0\" marginheight=\"0\" scrolling=\"no\"><\/iframe>\n<\/div><\/figure>\n","protected":false},"excerpt":{"rendered":"","protected":false},"author":1,"featured_media":0,"parent":0,"menu_order":0,"comment_status":"closed","ping_status":"closed","template":"","meta":{"footnotes":""},"class_list":["post-849","page","type-page","status-publish","hentry"],"_links":{"self":[{"href":"https:\/\/smanzanedo.inscastellbisbal.net\/index.php\/wp-json\/wp\/v2\/pages\/849","targetHints":{"allow":["GET"]}}],"collection":[{"href":"https:\/\/smanzanedo.inscastellbisbal.net\/index.php\/wp-json\/wp\/v2\/pages"}],"about":[{"href":"https:\/\/smanzanedo.inscastellbisbal.net\/index.php\/wp-json\/wp\/v2\/types\/page"}],"author":[{"embeddable":true,"href":"https:\/\/smanzanedo.inscastellbisbal.net\/index.php\/wp-json\/wp\/v2\/users\/1"}],"replies":[{"embeddable":true,"href":"https:\/\/smanzanedo.inscastellbisbal.net\/index.php\/wp-json\/wp\/v2\/comments?post=849"}],"version-history":[{"count":1,"href":"https:\/\/smanzanedo.inscastellbisbal.net\/index.php\/wp-json\/wp\/v2\/pages\/849\/revisions"}],"predecessor-version":[{"id":850,"href":"https:\/\/smanzanedo.inscastellbisbal.net\/index.php\/wp-json\/wp\/v2\/pages\/849\/revisions\/850"}],"wp:attachment":[{"href":"https:\/\/smanzanedo.inscastellbisbal.net\/index.php\/wp-json\/wp\/v2\/media?parent=849"}],"curies":[{"name":"wp","href":"https:\/\/api.w.org\/{rel}","templated":true}]}}