{"id":941,"date":"2026-02-02T08:25:19","date_gmt":"2026-02-02T08:25:19","guid":{"rendered":"https:\/\/smanzanedo.inscastellbisbal.net\/?page_id=941"},"modified":"2026-02-02T08:28:22","modified_gmt":"2026-02-02T08:28:22","slug":"analitzar-el-cicle-de-vida-dels-residus-generats","status":"publish","type":"page","link":"https:\/\/smanzanedo.inscastellbisbal.net\/index.php\/analitzar-el-cicle-de-vida-dels-residus-generats\/","title":{"rendered":"Analitzar el cicle de vida dels residus generats"},"content":{"rendered":"\n<h4 class=\"wp-block-heading has-black-color has-text-color has-link-color wp-elements-af6420fde6db6b2c76472b100b51595b\">1. Fabricaci\u00f3 i Distribuci\u00f3 (L&#8217;origen)<\/h4>\n\n\n\n<ul class=\"wp-block-list\">\n<li class=\"has-black-color has-text-color has-link-color wp-elements-b7827f5629ccca491a47a4b666f2492d\"><strong>Materials:<\/strong> Els components (Gr\u00e0fiques, CPU, Fonts) contenen materials valuosos (Or, Coure, Coltan) i perillosos (Plom, Mercuri, Cadmi).<\/li>\n\n\n\n<li class=\"has-black-color has-text-color has-link-color wp-elements-46892579fc53440c15380d4cd251e4c8\"><strong>Impacte:<\/strong> La fabricaci\u00f3 \u00e9s on m\u00e9s CO\u2082 es genera. Per aix\u00f2, la normativa prioritza allargar la vida \u00fatil abans de reciclar.<\/li>\n<\/ul>\n\n\n\n<h4 class=\"wp-block-heading\">2. \u00das a la LAN Party (Fase de Generaci\u00f3 del Residu)<\/h4>\n\n\n\n<p class=\"has-black-color has-text-color has-link-color wp-elements-98f552a312b8d7d1e6eb0464ffa4458b\">Aqu\u00ed \u00e9s on vosaltres, com a t\u00e8cnics, heu d&#8217;intervenir.<\/p>\n\n\n\n<ul class=\"wp-block-list\">\n<li class=\"has-black-color has-text-color has-link-color wp-elements-614bb25f2cb487b03af3184a8ef6c4b0\"><strong>Incid\u00e8ncia:<\/strong> Un PC deixa de funcionar o un perif\u00e8ric es trenca.<\/li>\n\n\n\n<li class=\"has-black-color has-text-color has-link-color wp-elements-9c04489b25fe2b06ea845f76d445799f\"><strong>Punt Cr\u00edtic de Decisi\u00f3:<\/strong> \u00c9s recuperable?\n<ul class=\"wp-block-list\">\n<li class=\"has-black-color has-text-color has-link-color wp-elements-52b704b10b56d3fb1690fa89bf0fceba\"><em>S\u00cd:<\/em> Es repara (soldadura, canvi de pe\u00e7a). Aix\u00f2 \u00e9s <strong>Preparaci\u00f3 per a la Reutilitzaci\u00f3 (PxR)<\/strong>.<\/li>\n\n\n\n<li class=\"has-black-color has-text-color has-link-color wp-elements-4f465c5f0b3464187372efd6639a56de\"><em>NO:<\/em> Es converteix oficialment en <strong>RAEE<\/strong>.<\/li>\n<\/ul>\n<\/li>\n<\/ul>\n\n\n\n<h4 class=\"wp-block-heading\">3. Recollida Selectiva (El vostre repte)<\/h4>\n\n\n\n<p class=\"has-black-color has-text-color has-link-color wp-elements-5f6267ae708a27378e60e1209549aae0\">La normativa obliga a no barrejar els RAEE amb la brossa normal.<\/p>\n\n\n\n<ul class=\"wp-block-list\">\n<li class=\"has-black-color has-text-color has-link-color wp-elements-d6ff6386dfd0443ea4aad06a3b0c3393\"><strong>Log\u00edstica Inversa:<\/strong> Els fabricants i distribu\u00efdors tenen la responsabilitat de finan\u00e7ar la recollida (per aix\u00f2 paguem una taxa quan comprem tecnologia).<\/li>\n\n\n\n<li class=\"has-black-color has-text-color has-link-color wp-elements-5607ea21da32cd2a4fc0f865ccee52f5\"><strong>Contenidors Espec\u00edfics:<\/strong> A la LAN Party heu de tenir un punt net o &#8220;G\u00e0bia de RAEE&#8221;.<\/li>\n<\/ul>\n\n\n\n<h4 class=\"wp-block-heading\">4. Tractament i Valoritzaci\u00f3 (El dest\u00ed final)<\/h4>\n\n\n\n<p class=\"has-black-color has-text-color has-link-color wp-elements-7085fc65fdcc907d8d64e262e65e1d8c\">Un cop els residus surten de la vostra classe cap a la Deixalleria o Gestor Autoritzat:<\/p>\n\n\n\n<ul class=\"wp-block-list\">\n<li class=\"has-black-color has-text-color has-link-color wp-elements-6c57b72bb46027e3b5442a832d95b548\"><strong>Descontaminaci\u00f3:<\/strong> Es retiren piles, condensadors i t\u00f2ners (t\u00f2xics).<\/li>\n\n\n\n<li class=\"has-black-color has-text-color has-link-color wp-elements-4aadc3ddecd18105007fab2bd12cf51b\"><strong>Fragmentaci\u00f3:<\/strong> Es tritura tot.<\/li>\n\n\n\n<li class=\"has-black-color has-text-color has-link-color wp-elements-043ffb7e07aea446a57759f0b6ae57fb\"><strong>Recuperaci\u00f3:<\/strong> Amb imants i corrents de Foucault, se separen els metalls (ferro, alumini) i pl\u00e0stics per fabricar nous productes.<\/li>\n<\/ul>\n\n\n\n<p class=\"has-black-color has-text-color has-link-color has-medium-font-size wp-elements-c47fa0f9dd1137c4b603e490fa5c71d3\"><strong><em>Flowchart: Gesti\u00f3 de Residus RAEE a la LAN Party<\/em><\/strong><\/p>\n\n\n\n<p class=\"has-black-color has-text-color has-link-color wp-elements-ea5a5d85c2fe959c4c12bfd6ef88afcd\">graph TD<br>A([INICI: Component fallit a la LAN Party]) &#8211;&gt; B{Es pot reparar in situ?}<\/p>\n\n\n\n<pre class=\"wp-block-code\"><code>%% CAM\u00cd DE REPARACI\u00d3 (Economia Circular)\nB -- S\u00cd --&gt; C&#91;Taller de Reparaci\u00f3 \/ Zona T\u00e8cnica]\nC --&gt; D&#91;Substituci\u00f3 de pasta t\u00e8rmica \/ soldadura \/ canvi pe\u00e7a]\nD --&gt; E(&#91;FI: Component Reutilitzat - Vida \u00fatil allargada])\n\n%% CAM\u00cd DE RESIDU (RAEE)\nB -- NO --&gt; F&#91;El component \u00e9s oficialment un RESIDU]\nF --&gt; G{Tipus de Residu?}\n\n%% SEPARACI\u00d3 PERILLOSA\nG -- Bateries \/ Piles --&gt; H&#91;Contenidor Espec\u00edfic PILES]\nG -- Cables \/ Perif\u00e8rics \/ Plaques --&gt; I&#91;G\u00e0bia \/ Contenidor RAEE]\nG -- Embalatges (Cartr\u00f3\/Pl\u00e0stic) --&gt; J&#91;Contenidors Blau\/Groc]\n\n%% LOG\u00cdSTICA EXTERNA\nH --&gt; K&#91;Gestor de Residus Autoritzat]\nI --&gt; K\n\nK --&gt; L&#91;Planta de Tractament RAEE]\nL --&gt; M{Proc\u00e9s de Descontaminaci\u00f3}\n\nM --&gt; N&#91;Extracci\u00f3 de gasos\/olis\/materials t\u00f2xics]\nM --&gt; O&#91;Triturat i Separaci\u00f3]\n\nO --&gt; P&#91;Recuperaci\u00f3 de Metalls Preciosos (Or, Coure)]\nO --&gt; Q&#91;Pl\u00e0stics per a nous productes]\nO --&gt; R&#91;Residu no aprofitable -&gt; Abocador controlat]\n\nP --&gt; S(&#91;FI: Mat\u00e8ria primera secund\u00e0ria])\nQ --&gt; S<\/code><\/pre>\n","protected":false},"excerpt":{"rendered":"<p>1. Fabricaci\u00f3 i Distribuci\u00f3 (L&#8217;origen) 2. \u00das a la LAN Party (Fase de Generaci\u00f3 del Residu) Aqu\u00ed \u00e9s on vosaltres, com a t\u00e8cnics, heu d&#8217;intervenir. 3. Recollida Selectiva (El vostre repte) La normativa obliga a&hellip;<\/p>\n","protected":false},"author":1,"featured_media":0,"parent":0,"menu_order":0,"comment_status":"closed","ping_status":"closed","template":"","meta":{"footnotes":""},"class_list":["post-941","page","type-page","status-publish","hentry"],"_links":{"self":[{"href":"https:\/\/smanzanedo.inscastellbisbal.net\/index.php\/wp-json\/wp\/v2\/pages\/941","targetHints":{"allow":["GET"]}}],"collection":[{"href":"https:\/\/smanzanedo.inscastellbisbal.net\/index.php\/wp-json\/wp\/v2\/pages"}],"about":[{"href":"https:\/\/smanzanedo.inscastellbisbal.net\/index.php\/wp-json\/wp\/v2\/types\/page"}],"author":[{"embeddable":true,"href":"https:\/\/smanzanedo.inscastellbisbal.net\/index.php\/wp-json\/wp\/v2\/users\/1"}],"replies":[{"embeddable":true,"href":"https:\/\/smanzanedo.inscastellbisbal.net\/index.php\/wp-json\/wp\/v2\/comments?post=941"}],"version-history":[{"count":4,"href":"https:\/\/smanzanedo.inscastellbisbal.net\/index.php\/wp-json\/wp\/v2\/pages\/941\/revisions"}],"predecessor-version":[{"id":945,"href":"https:\/\/smanzanedo.inscastellbisbal.net\/index.php\/wp-json\/wp\/v2\/pages\/941\/revisions\/945"}],"wp:attachment":[{"href":"https:\/\/smanzanedo.inscastellbisbal.net\/index.php\/wp-json\/wp\/v2\/media?parent=941"}],"curies":[{"name":"wp","href":"https:\/\/api.w.org\/{rel}","templated":true}]}}